{"id":1040,"date":"2019-01-08T17:38:54","date_gmt":"2019-01-08T16:38:54","guid":{"rendered":"http:\/\/www.vetigraph.com\/graphcadexpert-pelle\/"},"modified":"2021-09-02T14:59:44","modified_gmt":"2021-09-02T12:59:44","slug":"graphcadexpert-pelle","status":"publish","type":"page","link":"https:\/\/www.vetigraph.com\/it\/graphcadexpert-pelle\/","title":{"rendered":"GraphCAD\u00aeExpert Pelle"},"content":{"rendered":"<div class=\"fusion-fullwidth fullwidth-box nonhundred-percent-fullwidth non-hundred-percent-height-scrolling\"  style='background-color: #ffffff;background-position: center center;background-repeat: no-repeat;padding-top:0px;padding-right:0px;padding-bottom:0px;padding-left:0px;'><div class=\"fusion-builder-row fusion-row \"><div  class=\"fusion-layout-column fusion_builder_column fusion_builder_column_1_1  fusion-one-full fusion-column-first fusion-column-last 1_1\"  style='margin-top:0px;margin-bottom:20px;'>\n\t\t\t\t\t<div class=\"fusion-column-wrapper\" style=\"padding: 0px 0px 0px 0px;background-position:left top;background-repeat:no-repeat;-webkit-background-size:cover;-moz-background-size:cover;-o-background-size:cover;background-size:cover;\"  data-bg-url=\"\">\n\t\t\t\t\t\t<div class=\"fusion-title title fusion-sep-none fusion-title-size-two\" style=\"margin-top:0px;margin-bottom:31px;\"><h2 class=\"title-heading-left\">Soluzioni per l&#8217;industria tecnica<\/h2><\/div><div class=\"fusion-text\"><p>Dallo studio di progettazione alla lavorazione della produzione attraverso la prototipazione, Graphcad\u00ae \u00e8 alla portata di tutte le aziende per la costruzione e la modifica di forme sullo schermo, posizionamento ottimale, piani di taglio e del taglio automatico di materiali flessibili e tecnici (aeronautica, automobilistica, arredamento, ecc.)<\/p>\n<\/div><div class=\"fusion-title title fusion-sep-none fusion-title-size-two\" style=\"margin-top:0px;margin-bottom:31px;\"><h2 class=\"title-heading-left\">Alcune funzioni di Graphcad\u00ae:<\/h2><\/div><ul class=\"fusion-checklist fusion-checklist-1\" style=\"font-size:14px;line-height:23.8px;\"><li class=\"fusion-li-item\"><span style=\"background-color:#fb0b0c;font-size:12.32px;height:23.8px;width:23.8px;margin-right:9.8px;\" class=\"icon-wrapper circle-yes\"><i class=\"fusion-li-icon  fa fa-check\" style=\"color:#ffffff;\"><\/i><\/span><div class=\"fusion-li-item-content\" style=\"margin-left:33.6px;\">\n<p>Creazione o importazione di parti sullo schermo<\/p>\n<\/div><\/li><li class=\"fusion-li-item\"><span style=\"background-color:#fb0b0c;font-size:12.32px;height:23.8px;width:23.8px;margin-right:9.8px;\" class=\"icon-wrapper circle-yes\"><i class=\"fusion-li-icon  fa fa-check\" style=\"color:#ffffff;\"><\/i><\/span><div class=\"fusion-li-item-content\" style=\"margin-left:33.6px;\">\n<p>Compatibilit\u00e0 con tutti i CAD sul mercato<\/p>\n<\/div><\/li><li class=\"fusion-li-item\"><span style=\"background-color:#fb0b0c;font-size:12.32px;height:23.8px;width:23.8px;margin-right:9.8px;\" class=\"icon-wrapper circle-yes\"><i class=\"fusion-li-icon  fa fa-check\" style=\"color:#ffffff;\"><\/i><\/span><div class=\"fusion-li-item-content\" style=\"margin-left:33.6px;\">\n<p>Piani di taglio automatici<\/p>\n<\/div><\/li><li class=\"fusion-li-item\"><span style=\"background-color:#fb0b0c;font-size:12.32px;height:23.8px;width:23.8px;margin-right:9.8px;\" class=\"icon-wrapper circle-yes\"><i class=\"fusion-li-icon  fa fa-check\" style=\"color:#ffffff;\"><\/i><\/span><div class=\"fusion-li-item-content\" style=\"margin-left:33.6px;\">\n<p>Esportazione di dati su plotter o taglio in formato Cutfile, ISO, HPGL, &#8230;<\/p>\n<\/div><\/li><li class=\"fusion-li-item\"><span style=\"background-color:#fb0b0c;font-size:12.32px;height:23.8px;width:23.8px;margin-right:9.8px;\" class=\"icon-wrapper circle-yes\"><i class=\"fusion-li-icon  fa fa-check\" style=\"color:#ffffff;\"><\/i><\/span><div class=\"fusion-li-item-content\" style=\"margin-left:33.6px;\">\n<p>Controllo di tutte le periferichea<\/p>\n<\/div><\/li><li class=\"fusion-li-item\"><span style=\"background-color:#fb0b0c;font-size:12.32px;height:23.8px;width:23.8px;margin-right:9.8px;\" class=\"icon-wrapper circle-yes\"><i class=\"fusion-li-icon  fa fa-check\" style=\"color:#ffffff;\"><\/i><\/span><div class=\"fusion-li-item-content\" style=\"margin-left:33.6px;\">\n<p>Piani di stampa in miniatura<\/p>\n<\/div><\/li><\/ul><div class=\"fusion-text\"><p>La soluzione di CAD GRAPHCAD\u00aeExpert PELLE, associata alla macchina da taglio GRAPHGUT\u00ae MONO, \u00e9 stata specialmente sviluppata per le industrie della marocchineria, della scarpa, dell&#8217;immobiliare, della selleria e tutti i settori del cuoio. Questo sistema permette di aumentare la produttivit\u00e0 e di realizzare delle economie sostanziali sulla consumazione della pelle.<br \/>\nOffre anche una qualit\u00e0 di taglio ottimale e un eccellente precisione. Pi\u00f9 adatto alle nuove strutture di produzione e al mercato di giorno in giorno pi\u00f9 esigente, dove la reattivit\u00e0 e la flessibilit\u00e0 sono di rigore, questa soluzione costituisce un alternativa innovativa. alla procedura del taglio manuale e di importo modelli.<\/p>\n<\/div><div class=\"fusion-title title fusion-sep-none fusion-title-size-two\" style=\"margin-top:0px;margin-bottom:31px;\"><h2 class=\"title-heading-left\">I vantaggi della soluzione GRAPHCAD\u00aeExpert e della macchina da taglio GRAPHCUT\u00ae per la pelle:<\/h2><\/div><div class=\"fusion-clearfix\"><\/div>\n\n\t\t\t\t\t<\/div>\n\t\t\t\t<\/div><div  class=\"fusion-layout-column fusion_builder_column fusion_builder_column_2_3  fusion-two-third fusion-column-first 2_3\"  style='margin-top:0px;margin-bottom:20px;width:66.66%;width:calc(66.66% - ( ( 4% ) * 0.6666 ) );margin-right: 4%;'>\n\t\t\t\t\t<div class=\"fusion-column-wrapper\" style=\"padding: 0px 0px 0px 0px;background-position:left top;background-repeat:no-repeat;-webkit-background-size:cover;-moz-background-size:cover;-o-background-size:cover;background-size:cover;\"  data-bg-url=\"\">\n\t\t\t\t\t\t<ul class=\"fusion-checklist fusion-checklist-2\" style=\"font-size:14px;line-height:23.8px;\"><li class=\"fusion-li-item\"><span style=\"background-color:#fb0b0c;font-size:12.32px;height:23.8px;width:23.8px;margin-right:9.8px;\" class=\"icon-wrapper circle-yes\"><i class=\"fusion-li-icon  fa fa-check\" style=\"color:#ffffff;\"><\/i><\/span><div class=\"fusion-li-item-content\" style=\"margin-left:33.6px;\">Una soluzione flessibile che permette la produzione di piccoli tiraggi senza costi supplementari;<\/div><\/li><li class=\"fusion-li-item\"><span style=\"background-color:#fb0b0c;font-size:12.32px;height:23.8px;width:23.8px;margin-right:9.8px;\" class=\"icon-wrapper circle-yes\"><i class=\"fusion-li-icon  fa fa-check\" style=\"color:#ffffff;\"><\/i><\/span><div class=\"fusion-li-item-content\" style=\"margin-left:33.6px;\">Un guadagno di materiale grazie all&#8217;ottimizzazione del piazzamento e la gestione delle zone di qualit\u00e0;<\/div><\/li><li class=\"fusion-li-item\"><span style=\"background-color:#fb0b0c;font-size:12.32px;height:23.8px;width:23.8px;margin-right:9.8px;\" class=\"icon-wrapper circle-yes\"><i class=\"fusion-li-icon  fa fa-check\" style=\"color:#ffffff;\"><\/i><\/span><div class=\"fusion-li-item-content\" style=\"margin-left:33.6px;\">Una migliore produttivit\u00e0 che non necessita necessariamente una mano d\u2019opera specializzata ;<\/div><\/li><li class=\"fusion-li-item\"><span style=\"background-color:#fb0b0c;font-size:12.32px;height:23.8px;width:23.8px;margin-right:9.8px;\" class=\"icon-wrapper circle-yes\"><i class=\"fusion-li-icon  fa fa-check\" style=\"color:#ffffff;\"><\/i><\/span><div class=\"fusion-li-item-content\" style=\"margin-left:33.6px;\">Una riduzione globale del procedimento di produzione;<\/div><\/li><li class=\"fusion-li-item\"><span style=\"background-color:#fb0b0c;font-size:12.32px;height:23.8px;width:23.8px;margin-right:9.8px;\" class=\"icon-wrapper circle-yes\"><i class=\"fusion-li-icon  fa fa-check\" style=\"color:#ffffff;\"><\/i><\/span><div class=\"fusion-li-item-content\" style=\"margin-left:33.6px;\">Una precisione del taglio perfetta.<\/div><\/li><\/ul><div class=\"fusion-button-wrapper\"><style type=\"text\/css\" scoped=\"scoped\">.fusion-button.button-1 .fusion-button-text, .fusion-button.button-1 i {color:#ffffff;}.fusion-button.button-1 {border-width:0px;border-color:#ffffff;}.fusion-button.button-1 .fusion-button-icon-divider{border-color:#ffffff;}.fusion-button.button-1:hover .fusion-button-text, .fusion-button.button-1:hover i,.fusion-button.button-1:focus .fusion-button-text, .fusion-button.button-1:focus i,.fusion-button.button-1:active .fusion-button-text, .fusion-button.button-1:active{color:#ffffff;}.fusion-button.button-1:hover, .fusion-button.button-1:focus, .fusion-button.button-1:active{border-width:0px;border-color:#ffffff;}.fusion-button.button-1:hover .fusion-button-icon-divider, .fusion-button.button-1:hover .fusion-button-icon-divider, .fusion-button.button-1:active .fusion-button-icon-divider{border-color:#ffffff;}.fusion-button.button-1{width:auto;}<\/style><a class=\"fusion-button button-flat fusion-button-round button-large button-default button-1\" target=\"_self\" href=\"..\/wp-content\/uploads\/brochures\/plaquette_graphcad_cuir.pdf\"><span class=\"fusion-button-text\">Scarica la BROCHURE GRAPHCAD PELLE<\/span><\/a><\/div><div class=\"fusion-clearfix\"><\/div>\n\n\t\t\t\t\t<\/div>\n\t\t\t\t<\/div><div  class=\"fusion-layout-column fusion_builder_column fusion_builder_column_1_3  fusion-one-third fusion-column-last 1_3\"  style='margin-top:0px;margin-bottom:20px;width:33.33%;width:calc(33.33% - ( ( 4% ) * 0.3333 ) );'>\n\t\t\t\t\t<div class=\"fusion-column-wrapper\" style=\"padding: 0px 0px 0px 0px;background-position:left top;background-repeat:no-repeat;-webkit-background-size:cover;-moz-background-size:cover;-o-background-size:cover;background-size:cover;\"  data-bg-url=\"\">\n\t\t\t\t\t\t<div class=\"imageframe-align-center\"><span class=\"fusion-imageframe imageframe-none imageframe-1 hover-type-none\"><img loading=\"lazy\" src=\"http:\/\/www.vetigraph.com\/wp-content\/uploads\/2018\/06\/cuir2_popup.jpg\" width=\"646\" height=\"474\" alt=\"\" title=\"GRAPHCUT\u00ae pour le cuir\" class=\"img-responsive wp-image-1041\" srcset=\"https:\/\/www.vetigraph.com\/wp-content\/uploads\/2018\/06\/cuir2_popup-200x147.jpg 200w, https:\/\/www.vetigraph.com\/wp-content\/uploads\/2018\/06\/cuir2_popup-400x293.jpg 400w, https:\/\/www.vetigraph.com\/wp-content\/uploads\/2018\/06\/cuir2_popup-600x440.jpg 600w, https:\/\/www.vetigraph.com\/wp-content\/uploads\/2018\/06\/cuir2_popup.jpg 646w\" sizes=\"(max-width: 800px) 100vw, 400px\" \/><\/span><\/div><div class=\"fusion-video fusion-youtube\" style=\"max-width:600px;max-height:360px;\"><div class=\"video-shortcode\"><iframe title=\"YouTube video player\" src=\"https:\/\/www.youtube.com\/embed\/StpyVBylYXE?wmode=transparent&autoplay=0\" width=\"600\" height=\"360\" allowfullscreen><\/iframe><\/div><\/div><div class=\"fusion-clearfix\"><\/div>\n\n\t\t\t\t\t<\/div>\n\t\t\t\t<\/div><\/div><\/div>\n","protected":false},"excerpt":{"rendered":"","protected":false},"author":1,"featured_media":0,"parent":0,"menu_order":0,"comment_status":"closed","ping_status":"closed","template":"","meta":[],"yoast_head":"<!-- This site is optimized with the Yoast SEO plugin v19.7.1 - https:\/\/yoast.com\/wordpress\/plugins\/seo\/ -->\n<title>GraphCAD\u00aeExpert Pelle - Vetigraph<\/title>\n<meta name=\"robots\" content=\"index, follow, max-snippet:-1, max-image-preview:large, max-video-preview:-1\" \/>\n<link rel=\"canonical\" href=\"https:\/\/www.vetigraph.com\/it\/graphcadexpert-pelle\/\" \/>\n<meta property=\"og:locale\" content=\"it_IT\" \/>\n<meta property=\"og:type\" content=\"article\" \/>\n<meta property=\"og:title\" content=\"GraphCAD\u00aeExpert Pelle - Vetigraph\" \/>\n<meta property=\"og:url\" content=\"https:\/\/www.vetigraph.com\/it\/graphcadexpert-pelle\/\" \/>\n<meta property=\"og:site_name\" content=\"Vetigraph\" \/>\n<meta property=\"article:publisher\" content=\"https:\/\/www.facebook.com\/Groupe-Vetigraph-France-1299860016757297\" \/>\n<meta property=\"article:modified_time\" content=\"2021-09-02T12:59:44+00:00\" \/>\n<meta name=\"twitter:card\" content=\"summary_large_image\" \/>\n<meta name=\"twitter:site\" content=\"@vetigraphFr\" \/>\n<meta name=\"twitter:label1\" content=\"Tempo di lettura stimato\" \/>\n\t<meta name=\"twitter:data1\" content=\"4 minuti\" \/>\n<script type=\"application\/ld+json\" class=\"yoast-schema-graph\">{\"@context\":\"https:\/\/schema.org\",\"@graph\":[{\"@type\":\"WebPage\",\"@id\":\"https:\/\/www.vetigraph.com\/it\/graphcadexpert-pelle\/\",\"url\":\"https:\/\/www.vetigraph.com\/it\/graphcadexpert-pelle\/\",\"name\":\"GraphCAD\u00aeExpert Pelle - Vetigraph\",\"isPartOf\":{\"@id\":\"https:\/\/www.vetigraph.com\/#website\"},\"datePublished\":\"2019-01-08T16:38:54+00:00\",\"dateModified\":\"2021-09-02T12:59:44+00:00\",\"breadcrumb\":{\"@id\":\"https:\/\/www.vetigraph.com\/it\/graphcadexpert-pelle\/#breadcrumb\"},\"inLanguage\":\"it-IT\",\"potentialAction\":[{\"@type\":\"ReadAction\",\"target\":[\"https:\/\/www.vetigraph.com\/it\/graphcadexpert-pelle\/\"]}]},{\"@type\":\"BreadcrumbList\",\"@id\":\"https:\/\/www.vetigraph.com\/it\/graphcadexpert-pelle\/#breadcrumb\",\"itemListElement\":[{\"@type\":\"ListItem\",\"position\":1,\"name\":\"Accueil\",\"item\":\"https:\/\/www.vetigraph.com\/it\/\"},{\"@type\":\"ListItem\",\"position\":2,\"name\":\"GraphCAD\u00aeExpert Pelle\"}]},{\"@type\":\"WebSite\",\"@id\":\"https:\/\/www.vetigraph.com\/#website\",\"url\":\"https:\/\/www.vetigraph.com\/\",\"name\":\"Vetigraph\",\"description\":\"\",\"potentialAction\":[{\"@type\":\"SearchAction\",\"target\":{\"@type\":\"EntryPoint\",\"urlTemplate\":\"https:\/\/www.vetigraph.com\/?s={search_term_string}\"},\"query-input\":\"required name=search_term_string\"}],\"inLanguage\":\"it-IT\"}]}<\/script>\n<!-- \/ Yoast SEO plugin. -->","yoast_head_json":{"title":"GraphCAD\u00aeExpert Pelle - Vetigraph","robots":{"index":"index","follow":"follow","max-snippet":"max-snippet:-1","max-image-preview":"max-image-preview:large","max-video-preview":"max-video-preview:-1"},"canonical":"https:\/\/www.vetigraph.com\/it\/graphcadexpert-pelle\/","og_locale":"it_IT","og_type":"article","og_title":"GraphCAD\u00aeExpert Pelle - Vetigraph","og_url":"https:\/\/www.vetigraph.com\/it\/graphcadexpert-pelle\/","og_site_name":"Vetigraph","article_publisher":"https:\/\/www.facebook.com\/Groupe-Vetigraph-France-1299860016757297","article_modified_time":"2021-09-02T12:59:44+00:00","twitter_card":"summary_large_image","twitter_site":"@vetigraphFr","twitter_misc":{"Tempo di lettura stimato":"4 minuti"},"schema":{"@context":"https:\/\/schema.org","@graph":[{"@type":"WebPage","@id":"https:\/\/www.vetigraph.com\/it\/graphcadexpert-pelle\/","url":"https:\/\/www.vetigraph.com\/it\/graphcadexpert-pelle\/","name":"GraphCAD\u00aeExpert Pelle - Vetigraph","isPartOf":{"@id":"https:\/\/www.vetigraph.com\/#website"},"datePublished":"2019-01-08T16:38:54+00:00","dateModified":"2021-09-02T12:59:44+00:00","breadcrumb":{"@id":"https:\/\/www.vetigraph.com\/it\/graphcadexpert-pelle\/#breadcrumb"},"inLanguage":"it-IT","potentialAction":[{"@type":"ReadAction","target":["https:\/\/www.vetigraph.com\/it\/graphcadexpert-pelle\/"]}]},{"@type":"BreadcrumbList","@id":"https:\/\/www.vetigraph.com\/it\/graphcadexpert-pelle\/#breadcrumb","itemListElement":[{"@type":"ListItem","position":1,"name":"Accueil","item":"https:\/\/www.vetigraph.com\/it\/"},{"@type":"ListItem","position":2,"name":"GraphCAD\u00aeExpert Pelle"}]},{"@type":"WebSite","@id":"https:\/\/www.vetigraph.com\/#website","url":"https:\/\/www.vetigraph.com\/","name":"Vetigraph","description":"","potentialAction":[{"@type":"SearchAction","target":{"@type":"EntryPoint","urlTemplate":"https:\/\/www.vetigraph.com\/?s={search_term_string}"},"query-input":"required name=search_term_string"}],"inLanguage":"it-IT"}]}},"_links":{"self":[{"href":"https:\/\/www.vetigraph.com\/it\/wp-json\/wp\/v2\/pages\/1040"}],"collection":[{"href":"https:\/\/www.vetigraph.com\/it\/wp-json\/wp\/v2\/pages"}],"about":[{"href":"https:\/\/www.vetigraph.com\/it\/wp-json\/wp\/v2\/types\/page"}],"author":[{"embeddable":true,"href":"https:\/\/www.vetigraph.com\/it\/wp-json\/wp\/v2\/users\/1"}],"replies":[{"embeddable":true,"href":"https:\/\/www.vetigraph.com\/it\/wp-json\/wp\/v2\/comments?post=1040"}],"version-history":[{"count":5,"href":"https:\/\/www.vetigraph.com\/it\/wp-json\/wp\/v2\/pages\/1040\/revisions"}],"predecessor-version":[{"id":3598,"href":"https:\/\/www.vetigraph.com\/it\/wp-json\/wp\/v2\/pages\/1040\/revisions\/3598"}],"wp:attachment":[{"href":"https:\/\/www.vetigraph.com\/it\/wp-json\/wp\/v2\/media?parent=1040"}],"curies":[{"name":"wp","href":"https:\/\/api.w.org\/{rel}","templated":true}]}}