{"id":1798,"date":"2019-01-29T11:55:01","date_gmt":"2019-01-29T10:55:01","guid":{"rendered":"http:\/\/www.vetigraph.com\/graphcad-converter-3d-2d\/"},"modified":"2020-02-19T16:54:24","modified_gmt":"2020-02-19T15:54:24","slug":"graphcad-converter-3d-2d","status":"publish","type":"page","link":"https:\/\/www.vetigraph.com\/pt-pt\/graphcad-converter-3d-2d\/","title":{"rendered":"Graphcad converter 3D\/2D"},"content":{"rendered":"<p><div class=\"fusion-fullwidth fullwidth-box nonhundred-percent-fullwidth non-hundred-percent-height-scrolling\"  style='background-color: #ffffff;background-position: center center;background-repeat: no-repeat;padding-top:0px;padding-right:0px;padding-bottom:0px;padding-left:0px;'><div class=\"fusion-builder-row fusion-row \"><div  class=\"fusion-layout-column fusion_builder_column fusion_builder_column_1_2  fusion-one-half fusion-column-first 1_2\"  style='margin-top:0px;margin-bottom:20px;width:50%;width:calc(50% - ( ( 4% ) * 0.5 ) );margin-right: 4%;'>\n\t\t\t\t\t<div class=\"fusion-column-wrapper\" style=\"padding: 0px 0px 0px 0px;background-position:left top;background-repeat:no-repeat;-webkit-background-size:cover;-moz-background-size:cover;-o-background-size:cover;background-size:cover;\"  data-bg-url=\"\">\n\t\t\t\t\t\t<div class=\"imageframe-align-center\"><span class=\"fusion-imageframe imageframe-none imageframe-1 hover-type-none\"><img loading=\"lazy\" src=\"https:\/\/www.vetigraph.com\/wp-content\/uploads\/2018\/04\/Graphcad-converter-3D-2D-e1580479762931.jpg\" width=\"302\" height=\"560\" alt=\"\" title=\"Graphcad converter 3D\/2D\" class=\"img-responsive wp-image-1800\"\/><\/span><\/div><div class=\"fusion-clearfix\"><\/div>\n\n\t\t\t\t\t<\/div>\n\t\t\t\t<\/div><div  class=\"fusion-layout-column fusion_builder_column fusion_builder_column_1_2  fusion-one-half fusion-column-last 1_2\"  style='margin-top:0px;margin-bottom:20px;width:50%;width:calc(50% - ( ( 4% ) * 0.5 ) );'>\n\t\t\t\t\t<div class=\"fusion-column-wrapper\" style=\"padding: 0px 0px 0px 0px;background-position:left top;background-repeat:no-repeat;-webkit-background-size:cover;-moz-background-size:cover;-o-background-size:cover;background-size:cover;\"  data-bg-url=\"\">\n\t\t\t\t\t\t<div class=\"fusion-text\"><p>GRAPHCAD converter 3D\u00ae \u00e9 a solu\u00e7\u00e3o Vetigraph para achatar os modelos 2D constitutivos de um ficheiro 3D. Converter 3D permite-lhe de construir os seus moldes de corte 2D em fun\u00e7\u00e3o da sua forma 3D, para o prototypage e reduzir de forma consequente os prazos de realiza\u00e7\u00e3o e as despesas, conservando a forma original e id\u00eantica a sua concep\u00e7\u00e3o 3D.<br \/>\nUsando um processo exclusivo de desdobramento \u2013 respeitando as caracter\u00edsticas f\u00edsicas dos materiais \u2013 aprovado pelos industriais, GRAPHCAD Converter 3D\u00ae fabrica os modles 2D exacto, desde as formas 3D.<\/p>\n<p>Um novo algoritmo optimizado permite o desdobramento das superf\u00edcie constitu\u00eddas por mais de 100 000 tri\u00e2ngulos.<\/p>\n<\/div><div class=\"fusion-clearfix\"><\/div>\n\n\t\t\t\t\t<\/div>\n\t\t\t\t<\/div><\/div><\/div><div class=\"fusion-fullwidth fullwidth-box nonhundred-percent-fullwidth non-hundred-percent-height-scrolling\"  style='background-color: #ffffff;background-position: center center;background-repeat: no-repeat;padding-top:0px;padding-right:0px;padding-bottom:0px;padding-left:0px;'><div class=\"fusion-builder-row fusion-row \"><div  class=\"fusion-layout-column fusion_builder_column fusion_builder_column_1_1  fusion-one-full fusion-column-first fusion-column-last 1_1\"  style='margin-top:0px;margin-bottom:20px;'>\n\t\t\t\t\t<div class=\"fusion-column-wrapper\" style=\"padding: 0px 0px 0px 0px;background-position:left top;background-repeat:no-repeat;-webkit-background-size:cover;-moz-background-size:cover;-o-background-size:cover;background-size:cover;\"  data-bg-url=\"\">\n\t\t\t\t\t\t<div class=\"fusion-title title fusion-sep-none fusion-title-size-two\" style=\"margin-top:0px;margin-bottom:31px;\" id=\"composite\"><h2 class=\"title-heading-left\">Composto<\/h2><\/div><div class=\"fusion-clearfix\"><\/div>\n\n\t\t\t\t\t<\/div>\n\t\t\t\t<\/div><div  class=\"fusion-layout-column fusion_builder_column fusion_builder_column_1_2  fusion-one-half fusion-column-first 1_2\"  style='margin-top:0px;margin-bottom:20px;width:50%;width:calc(50% - ( ( 4% ) * 0.5 ) );margin-right: 4%;'>\n\t\t\t\t\t<div class=\"fusion-column-wrapper\" style=\"padding: 0px 0px 0px 0px;background-position:left top;background-repeat:no-repeat;-webkit-background-size:cover;-moz-background-size:cover;-o-background-size:cover;background-size:cover;\"  data-bg-url=\"\">\n\t\t\t\t\t\t<div class=\"fusion-video fusion-youtube\" style=\"max-width:600px;max-height:360px;\"><div class=\"video-shortcode\"><iframe title=\"YouTube video player\" src=\"https:\/\/www.youtube.com\/embed\/n7Ar2BMrRfs?wmode=transparent&autoplay=0\" width=\"600\" height=\"360\" allowfullscreen><\/iframe><\/div><\/div><div class=\"fusion-clearfix\"><\/div>\n\n\t\t\t\t\t<\/div>\n\t\t\t\t<\/div><div  class=\"fusion-layout-column fusion_builder_column fusion_builder_column_1_2  fusion-one-half fusion-column-last 1_2\"  style='margin-top:0px;margin-bottom:20px;width:50%;width:calc(50% - ( ( 4% ) * 0.5 ) );'>\n\t\t\t\t\t<div class=\"fusion-column-wrapper\" style=\"padding: 0px 0px 0px 0px;background-position:left top;background-repeat:no-repeat;-webkit-background-size:cover;-moz-background-size:cover;-o-background-size:cover;background-size:cover;\"  data-bg-url=\"\">\n\t\t\t\t\t\t<div class=\"fusion-text\"><p>Demonstra\u00e7\u00e3o de achatamento de produto comp\u00f3sito<\/p>\n<\/div><div class=\"fusion-modal modal fade modal-1 demoComposite\" tabindex=\"-1\" role=\"dialog\" aria-labelledby=\"modal-heading-1\" aria-hidden=\"true\"><style type=\"text\/css\">.modal-1 .modal-header, .modal-1 .modal-footer{border-color:#ebebeb;}<\/style><div class=\"modal-dialog modal-lg\"><div class=\"modal-content fusion-modal-content\" style=\"background-color:#f6f6f6\"><div class=\"modal-header\"><button class=\"close\" type=\"button\" data-dismiss=\"modal\" aria-hidden=\"true\">&times;<\/button><h3 class=\"modal-title\" id=\"modal-heading-1\" data-dismiss=\"modal\" aria-hidden=\"true\">Graphcad converter 3D\/2D Composto<\/h3><\/div><div class=\"modal-body\"><object id=\"shadowbox_content\" data=\"..\/wp-content\/uploads\/demos\/Converter3D_Composite.swf\" type=\"application\/x-shockwave-flash\" name=\"shadowbox_content\" width=\"754\" height=\"442\"><param name=\"movie\" value=\"..\/wp-content\/uploads\/demos\/Converter3D_Composite.swf\"><param name=\"bgcolor\" value=\"#000000\"><\/object><\/div><div class=\"modal-footer\"><a class=\"fusion-button button-default button-medium button default medium\" data-dismiss=\"modal\">Close<\/a><\/div><\/div><\/div><\/div><span class=\"fusion-imageframe imageframe-none imageframe-2 hover-type-none\"><img loading=\"lazy\" src=\"http:\/\/www.vetigraph.com\/wp-content\/uploads\/2018\/04\/Graphcad-converter-3D-2D-industries-spe.jpg\" width=\"693\" height=\"358\" alt=\"\" title=\"Graphcad converter 3D\/2D (industries sp\u00e9)\" class=\"img-responsive wp-image-1799\" srcset=\"https:\/\/www.vetigraph.com\/wp-content\/uploads\/2018\/04\/Graphcad-converter-3D-2D-industries-spe-200x103.jpg 200w, https:\/\/www.vetigraph.com\/wp-content\/uploads\/2018\/04\/Graphcad-converter-3D-2D-industries-spe-400x207.jpg 400w, https:\/\/www.vetigraph.com\/wp-content\/uploads\/2018\/04\/Graphcad-converter-3D-2D-industries-spe-600x310.jpg 600w, https:\/\/www.vetigraph.com\/wp-content\/uploads\/2018\/04\/Graphcad-converter-3D-2D-industries-spe.jpg 693w\" sizes=\"(max-width: 800px) 100vw, 600px\" \/><\/span><div class=\"fusion-clearfix\"><\/div>\n\n\t\t\t\t\t<\/div>\n\t\t\t\t<\/div><div  class=\"fusion-layout-column fusion_builder_column fusion_builder_column_1_1  fusion-one-full fusion-column-first fusion-column-last 1_1\"  style='margin-top:0px;margin-bottom:20px;'>\n\t\t\t\t\t<div class=\"fusion-column-wrapper\" style=\"padding: 0px 0px 0px 0px;background-position:left top;background-repeat:no-repeat;-webkit-background-size:cover;-moz-background-size:cover;-o-background-size:cover;background-size:cover;\"  data-bg-url=\"\">\n\t\t\t\t\t\t<div class=\"fusion-sep-clear\"><\/div><div class=\"fusion-separator fusion-full-width-sep sep-single sep-solid\" style=\"border-color:#e0dede;border-top-width:1px;margin-left: auto;margin-right: auto;margin-top:20px;margin-bottom:20px;\"><\/div><div class=\"fusion-button-wrapper fusion-aligncenter\"><style type=\"text\/css\" scoped=\"scoped\">.fusion-button.button-1 .fusion-button-text, .fusion-button.button-1 i {color:#ffffff;}.fusion-button.button-1 {border-width:0px;border-color:#ffffff;}.fusion-button.button-1 .fusion-button-icon-divider{border-color:#ffffff;}.fusion-button.button-1:hover .fusion-button-text, .fusion-button.button-1:hover i,.fusion-button.button-1:focus .fusion-button-text, .fusion-button.button-1:focus i,.fusion-button.button-1:active .fusion-button-text, .fusion-button.button-1:active{color:#ffffff;}.fusion-button.button-1:hover, .fusion-button.button-1:focus, .fusion-button.button-1:active{border-width:0px;border-color:#ffffff;}.fusion-button.button-1:hover .fusion-button-icon-divider, .fusion-button.button-1:hover .fusion-button-icon-divider, .fusion-button.button-1:active .fusion-button-icon-divider{border-color:#ffffff;}.fusion-button.button-1{width:auto;}<\/style><a class=\"fusion-button button-flat fusion-button-round button-large button-default button-1\" target=\"_blank\" rel=\"noopener noreferrer\" href=\"..\/wp-content\/uploads\/brochures\/GRAPHCAD CONVERTER 3D COMPOSITES.pdf\"><i class=\"fa-download fas button-icon-left\"><\/i><span class=\"fusion-button-text\">Descarrega aqui o folheto Graphcad converter 3D\/2D<\/span><\/a><\/div><div class=\"fusion-clearfix\"><\/div>\n\n\t\t\t\t\t<\/div>\n\t\t\t\t<\/div><\/div><\/div><div class=\"fusion-fullwidth fullwidth-box nonhundred-percent-fullwidth non-hundred-percent-height-scrolling\"  style='background-color: #ffffff;background-position: center center;background-repeat: no-repeat;padding-top:0px;padding-right:0px;padding-bottom:0px;padding-left:0px;'><div class=\"fusion-builder-row fusion-row \"><div  class=\"fusion-layout-column fusion_builder_column fusion_builder_column_1_1  fusion-one-full fusion-column-first fusion-column-last 1_1\"  style='margin-top:0px;margin-bottom:20px;'>\n\t\t\t\t\t<div class=\"fusion-column-wrapper\" style=\"padding: 0px 0px 0px 0px;background-position:left top;background-repeat:no-repeat;-webkit-background-size:cover;-moz-background-size:cover;-o-background-size:cover;background-size:cover;\"  data-bg-url=\"\">\n\t\t\t\t\t\t<div class=\"fusion-title title fusion-sep-none fusion-title-size-two\" style=\"margin-top:0px;margin-bottom:31px;\" id=\"cuir\"><h2 class=\"title-heading-left\">Selaria<\/h2><\/div><div class=\"fusion-clearfix\"><\/div>\n\n\t\t\t\t\t<\/div>\n\t\t\t\t<\/div><div  class=\"fusion-layout-column fusion_builder_column fusion_builder_column_1_2  fusion-one-half fusion-column-first 1_2\"  style='margin-top:0px;margin-bottom:20px;width:50%;width:calc(50% - ( ( 4% ) * 0.5 ) );margin-right: 4%;'>\n\t\t\t\t\t<div class=\"fusion-column-wrapper\" style=\"padding: 0px 0px 0px 0px;background-position:left top;background-repeat:no-repeat;-webkit-background-size:cover;-moz-background-size:cover;-o-background-size:cover;background-size:cover;\"  data-bg-url=\"\">\n\t\t\t\t\t\t<div class=\"fusion-video fusion-youtube\" style=\"max-width:600px;max-height:360px;\"><div class=\"video-shortcode\"><iframe title=\"YouTube video player\" src=\"https:\/\/www.youtube.com\/embed\/XoPim9QEmaQ?wmode=transparent&autoplay=0\" width=\"600\" height=\"360\" allowfullscreen><\/iframe><\/div><\/div><div class=\"fusion-clearfix\"><\/div>\n\n\t\t\t\t\t<\/div>\n\t\t\t\t<\/div><div  class=\"fusion-layout-column fusion_builder_column fusion_builder_column_1_2  fusion-one-half fusion-column-last 1_2\"  style='margin-top:0px;margin-bottom:20px;width:50%;width:calc(50% - ( ( 4% ) * 0.5 ) );'>\n\t\t\t\t\t<div class=\"fusion-column-wrapper\" style=\"padding: 0px 0px 0px 0px;background-position:left top;background-repeat:no-repeat;-webkit-background-size:cover;-moz-background-size:cover;-o-background-size:cover;background-size:cover;\"  data-bg-url=\"\">\n\t\t\t\t\t\t<div class=\"fusion-text\"><p>Demonstra\u00e7\u00e3o de achatamento da espuma digitalizada do assento para a cria\u00e7\u00e3o de garabits.<\/p>\n<\/div><div class=\"fusion-clearfix\"><\/div>\n\n\t\t\t\t\t<\/div>\n\t\t\t\t<\/div><div  class=\"fusion-layout-column fusion_builder_column fusion_builder_column_1_1  fusion-one-full fusion-column-first fusion-column-last 1_1\"  style='margin-top:0px;margin-bottom:20px;'>\n\t\t\t\t\t<div class=\"fusion-column-wrapper\" style=\"padding: 0px 0px 0px 0px;background-position:left top;background-repeat:no-repeat;-webkit-background-size:cover;-moz-background-size:cover;-o-background-size:cover;background-size:cover;\"  data-bg-url=\"\">\n\t\t\t\t\t\t<div class=\"fusion-sep-clear\"><\/div><div class=\"fusion-separator fusion-full-width-sep sep-single sep-solid\" style=\"border-color:#e0dede;border-top-width:1px;margin-left: auto;margin-right: auto;margin-top:20px;margin-bottom:20px;\"><\/div><div class=\"fusion-button-wrapper fusion-aligncenter\"><style type=\"text\/css\" scoped=\"scoped\">.fusion-button.button-2 .fusion-button-text, .fusion-button.button-2 i {color:#ffffff;}.fusion-button.button-2 {border-width:0px;border-color:#ffffff;}.fusion-button.button-2 .fusion-button-icon-divider{border-color:#ffffff;}.fusion-button.button-2:hover .fusion-button-text, .fusion-button.button-2:hover i,.fusion-button.button-2:focus .fusion-button-text, .fusion-button.button-2:focus i,.fusion-button.button-2:active .fusion-button-text, .fusion-button.button-2:active{color:#ffffff;}.fusion-button.button-2:hover, .fusion-button.button-2:focus, .fusion-button.button-2:active{border-width:0px;border-color:#ffffff;}.fusion-button.button-2:hover .fusion-button-icon-divider, .fusion-button.button-2:hover .fusion-button-icon-divider, .fusion-button.button-2:active .fusion-button-icon-divider{border-color:#ffffff;}.fusion-button.button-2{width:auto;}<\/style><a class=\"fusion-button button-flat fusion-button-round button-large button-default button-2\" target=\"_blank\" rel=\"noopener noreferrer\" href=\"..\/wp-content\/uploads\/brochures\/GRAPHCAD CONVERTER 3D COMPOSITES.pdf\"><i class=\"fa-download fas button-icon-left\"><\/i><span class=\"fusion-button-text\">Descarrega aqui o folheto Graphcad converter 3D\/2D<\/span><\/a><\/div><div class=\"fusion-clearfix\"><\/div>\n\n\t\t\t\t\t<\/div>\n\t\t\t\t<\/div><\/div><\/div><div class=\"fusion-fullwidth fullwidth-box nonhundred-percent-fullwidth non-hundred-percent-height-scrolling\"  style='background-color: #ffffff;background-position: center center;background-repeat: no-repeat;padding-top:0px;padding-right:0px;padding-bottom:0px;padding-left:0px;'><div class=\"fusion-builder-row fusion-row \"><div  class=\"fusion-layout-column fusion_builder_column fusion_builder_column_1_1  fusion-one-full fusion-column-first fusion-column-last 1_1\"  style='margin-top:0px;margin-bottom:20px;'>\n\t\t\t\t\t<div class=\"fusion-column-wrapper\" style=\"padding: 0px 0px 0px 0px;background-position:left top;background-repeat:no-repeat;-webkit-background-size:cover;-moz-background-size:cover;-o-background-size:cover;background-size:cover;\"  data-bg-url=\"\">\n\t\t\t\t\t\t<div class=\"fusion-clearfix\"><\/div>\n\n\t\t\t\t\t<\/div>\n\t\t\t\t<\/div><\/div><\/div><\/p>\n","protected":false},"excerpt":{"rendered":"","protected":false},"author":1,"featured_media":0,"parent":0,"menu_order":0,"comment_status":"closed","ping_status":"closed","template":"","meta":[],"yoast_head":"<!-- This site is optimized with the Yoast SEO plugin v19.7.1 - https:\/\/yoast.com\/wordpress\/plugins\/seo\/ -->\n<title>Graphcad converter 3D\/2D - Vetigraph<\/title>\n<meta name=\"robots\" content=\"index, follow, max-snippet:-1, max-image-preview:large, max-video-preview:-1\" \/>\n<link rel=\"canonical\" href=\"https:\/\/www.vetigraph.com\/pt-pt\/graphcad-converter-3d-2d\/\" \/>\n<meta property=\"og:locale\" content=\"pt_PT\" \/>\n<meta property=\"og:type\" content=\"article\" \/>\n<meta property=\"og:title\" content=\"Graphcad converter 3D\/2D - Vetigraph\" \/>\n<meta property=\"og:url\" content=\"https:\/\/www.vetigraph.com\/pt-pt\/graphcad-converter-3d-2d\/\" \/>\n<meta property=\"og:site_name\" content=\"Vetigraph\" \/>\n<meta property=\"article:publisher\" content=\"https:\/\/www.facebook.com\/Groupe-Vetigraph-France-1299860016757297\" \/>\n<meta property=\"article:modified_time\" content=\"2020-02-19T15:54:24+00:00\" \/>\n<meta name=\"twitter:card\" content=\"summary_large_image\" \/>\n<meta name=\"twitter:site\" content=\"@vetigraphFr\" \/>\n<meta name=\"twitter:label1\" content=\"Tempo estimado de leitura\" \/>\n\t<meta name=\"twitter:data1\" content=\"9 minutos\" \/>\n<script type=\"application\/ld+json\" class=\"yoast-schema-graph\">{\"@context\":\"https:\/\/schema.org\",\"@graph\":[{\"@type\":\"WebPage\",\"@id\":\"https:\/\/www.vetigraph.com\/pt-pt\/graphcad-converter-3d-2d\/\",\"url\":\"https:\/\/www.vetigraph.com\/pt-pt\/graphcad-converter-3d-2d\/\",\"name\":\"Graphcad converter 3D\/2D - Vetigraph\",\"isPartOf\":{\"@id\":\"https:\/\/www.vetigraph.com\/#website\"},\"datePublished\":\"2019-01-29T10:55:01+00:00\",\"dateModified\":\"2020-02-19T15:54:24+00:00\",\"breadcrumb\":{\"@id\":\"https:\/\/www.vetigraph.com\/pt-pt\/graphcad-converter-3d-2d\/#breadcrumb\"},\"inLanguage\":\"pt-PT\",\"potentialAction\":[{\"@type\":\"ReadAction\",\"target\":[\"https:\/\/www.vetigraph.com\/pt-pt\/graphcad-converter-3d-2d\/\"]}]},{\"@type\":\"BreadcrumbList\",\"@id\":\"https:\/\/www.vetigraph.com\/pt-pt\/graphcad-converter-3d-2d\/#breadcrumb\",\"itemListElement\":[{\"@type\":\"ListItem\",\"position\":1,\"name\":\"Accueil\",\"item\":\"https:\/\/www.vetigraph.com\/pt-pt\/\"},{\"@type\":\"ListItem\",\"position\":2,\"name\":\"Graphcad converter 3D\/2D\"}]},{\"@type\":\"WebSite\",\"@id\":\"https:\/\/www.vetigraph.com\/#website\",\"url\":\"https:\/\/www.vetigraph.com\/\",\"name\":\"Vetigraph\",\"description\":\"\",\"potentialAction\":[{\"@type\":\"SearchAction\",\"target\":{\"@type\":\"EntryPoint\",\"urlTemplate\":\"https:\/\/www.vetigraph.com\/?s={search_term_string}\"},\"query-input\":\"required name=search_term_string\"}],\"inLanguage\":\"pt-PT\"}]}<\/script>\n<!-- \/ Yoast SEO plugin. -->","yoast_head_json":{"title":"Graphcad converter 3D\/2D - Vetigraph","robots":{"index":"index","follow":"follow","max-snippet":"max-snippet:-1","max-image-preview":"max-image-preview:large","max-video-preview":"max-video-preview:-1"},"canonical":"https:\/\/www.vetigraph.com\/pt-pt\/graphcad-converter-3d-2d\/","og_locale":"pt_PT","og_type":"article","og_title":"Graphcad converter 3D\/2D - Vetigraph","og_url":"https:\/\/www.vetigraph.com\/pt-pt\/graphcad-converter-3d-2d\/","og_site_name":"Vetigraph","article_publisher":"https:\/\/www.facebook.com\/Groupe-Vetigraph-France-1299860016757297","article_modified_time":"2020-02-19T15:54:24+00:00","twitter_card":"summary_large_image","twitter_site":"@vetigraphFr","twitter_misc":{"Tempo estimado de leitura":"9 minutos"},"schema":{"@context":"https:\/\/schema.org","@graph":[{"@type":"WebPage","@id":"https:\/\/www.vetigraph.com\/pt-pt\/graphcad-converter-3d-2d\/","url":"https:\/\/www.vetigraph.com\/pt-pt\/graphcad-converter-3d-2d\/","name":"Graphcad converter 3D\/2D - Vetigraph","isPartOf":{"@id":"https:\/\/www.vetigraph.com\/#website"},"datePublished":"2019-01-29T10:55:01+00:00","dateModified":"2020-02-19T15:54:24+00:00","breadcrumb":{"@id":"https:\/\/www.vetigraph.com\/pt-pt\/graphcad-converter-3d-2d\/#breadcrumb"},"inLanguage":"pt-PT","potentialAction":[{"@type":"ReadAction","target":["https:\/\/www.vetigraph.com\/pt-pt\/graphcad-converter-3d-2d\/"]}]},{"@type":"BreadcrumbList","@id":"https:\/\/www.vetigraph.com\/pt-pt\/graphcad-converter-3d-2d\/#breadcrumb","itemListElement":[{"@type":"ListItem","position":1,"name":"Accueil","item":"https:\/\/www.vetigraph.com\/pt-pt\/"},{"@type":"ListItem","position":2,"name":"Graphcad converter 3D\/2D"}]},{"@type":"WebSite","@id":"https:\/\/www.vetigraph.com\/#website","url":"https:\/\/www.vetigraph.com\/","name":"Vetigraph","description":"","potentialAction":[{"@type":"SearchAction","target":{"@type":"EntryPoint","urlTemplate":"https:\/\/www.vetigraph.com\/?s={search_term_string}"},"query-input":"required name=search_term_string"}],"inLanguage":"pt-PT"}]}},"_links":{"self":[{"href":"https:\/\/www.vetigraph.com\/pt-pt\/wp-json\/wp\/v2\/pages\/1798"}],"collection":[{"href":"https:\/\/www.vetigraph.com\/pt-pt\/wp-json\/wp\/v2\/pages"}],"about":[{"href":"https:\/\/www.vetigraph.com\/pt-pt\/wp-json\/wp\/v2\/types\/page"}],"author":[{"embeddable":true,"href":"https:\/\/www.vetigraph.com\/pt-pt\/wp-json\/wp\/v2\/users\/1"}],"replies":[{"embeddable":true,"href":"https:\/\/www.vetigraph.com\/pt-pt\/wp-json\/wp\/v2\/comments?post=1798"}],"version-history":[{"count":51,"href":"https:\/\/www.vetigraph.com\/pt-pt\/wp-json\/wp\/v2\/pages\/1798\/revisions"}],"predecessor-version":[{"id":3543,"href":"https:\/\/www.vetigraph.com\/pt-pt\/wp-json\/wp\/v2\/pages\/1798\/revisions\/3543"}],"wp:attachment":[{"href":"https:\/\/www.vetigraph.com\/pt-pt\/wp-json\/wp\/v2\/media?parent=1798"}],"curies":[{"name":"wp","href":"https:\/\/api.w.org\/{rel}","templated":true}]}}