{"id":1806,"date":"2019-01-29T12:30:28","date_gmt":"2019-01-29T11:30:28","guid":{"rendered":"http:\/\/www.vetigraph.com\/graphcadexpert-couro\/"},"modified":"2021-09-02T15:00:16","modified_gmt":"2021-09-02T13:00:16","slug":"graphcadexpert-couro","status":"publish","type":"page","link":"https:\/\/www.vetigraph.com\/pt-pt\/graphcadexpert-couro\/","title":{"rendered":"GraphCAD\u00aeExpert Couro"},"content":{"rendered":"<div class=\"fusion-fullwidth fullwidth-box nonhundred-percent-fullwidth non-hundred-percent-height-scrolling\"  style='background-color: #ffffff;background-position: center center;background-repeat: no-repeat;padding-top:0px;padding-right:0px;padding-bottom:0px;padding-left:0px;'><div class=\"fusion-builder-row fusion-row \"><div  class=\"fusion-layout-column fusion_builder_column fusion_builder_column_1_1  fusion-one-full fusion-column-first fusion-column-last 1_1\"  style='margin-top:0px;margin-bottom:20px;'>\n\t\t\t\t\t<div class=\"fusion-column-wrapper\" style=\"padding: 0px 0px 0px 0px;background-position:left top;background-repeat:no-repeat;-webkit-background-size:cover;-moz-background-size:cover;-o-background-size:cover;background-size:cover;\"  data-bg-url=\"\">\n\t\t\t\t\t\t<div class=\"fusion-text\"><p>A solu\u00e7\u00e3o de CAD GRAPHCAD\u00aeExpert COURO, associada\u00a0com o corte autom\u00e1tico GRAPHCUT\u00ae MONO, foi desenvolvido especialmente para as ind\u00fastrias\u00a0marroquinaria, do cal\u00e7ado, do mobili\u00e1rio, da selaria e todos os setores do couro. Este sistema permite de aumentar a produtividade e de realizar poupan\u00e7as substanciais no consumo do couro.<\/p>\n<p>Ela ofrece uma\u00a0\u00f3ptima qualidade de corte e uma precis\u00e3o excelente.\u00a0Mais adaptada \u00e0s novas estruturas\u00a0 de produ\u00e7\u00e3o com um mercado cada vez mais exigente,\u00a0a reatividade e a flexibilidade s\u00e3o de rigor, esta solu\u00e7\u00e3o constitui uma\u00a0alternativa inovadora.\u00a0Ao processo de corte manual e em cortador.<\/p>\n<\/div><div class=\"fusion-title title fusion-sep-none fusion-title-size-two\" style=\"margin-top:0px;margin-bottom:31px;\"><h2 class=\"title-heading-left\">As vantagens da solu\u00e7\u00e3o GRAPHCAD\u00aeExpert e o\u00a0aut\u00f4mato de corte\u00a0GRAPHCUT\u00ae para o couro :<\/h2><\/div><div class=\"fusion-clearfix\"><\/div>\n\n\t\t\t\t\t<\/div>\n\t\t\t\t<\/div><div  class=\"fusion-layout-column fusion_builder_column fusion_builder_column_2_3  fusion-two-third fusion-column-first 2_3\"  style='margin-top:0px;margin-bottom:20px;width:66.66%;width:calc(66.66% - ( ( 4% ) * 0.6666 ) );margin-right: 4%;'>\n\t\t\t\t\t<div class=\"fusion-column-wrapper\" style=\"padding: 0px 0px 0px 0px;background-position:left top;background-repeat:no-repeat;-webkit-background-size:cover;-moz-background-size:cover;-o-background-size:cover;background-size:cover;\"  data-bg-url=\"\">\n\t\t\t\t\t\t<ul class=\"fusion-checklist fusion-checklist-1\" style=\"font-size:14px;line-height:23.8px;\"><li class=\"fusion-li-item\"><span style=\"background-color:#fb0b0c;font-size:12.32px;height:23.8px;width:23.8px;margin-right:9.8px;\" class=\"icon-wrapper circle-yes\"><i class=\"fusion-li-icon  fa fa-check\" style=\"color:#ffffff;\"><\/i><\/span><div class=\"fusion-li-item-content\" style=\"margin-left:33.6px;\">Uma solu\u00e7\u00e3o\u00a0flex\u00edvel que permite de produzir pequenas tiragens sem despesas adicionais;<\/div><\/li><li class=\"fusion-li-item\"><span style=\"background-color:#fb0b0c;font-size:12.32px;height:23.8px;width:23.8px;margin-right:9.8px;\" class=\"icon-wrapper circle-yes\"><i class=\"fusion-li-icon  fa fa-check\" style=\"color:#ffffff;\"><\/i><\/span><div class=\"fusion-li-item-content\" style=\"margin-left:33.6px;\">Um ganho de mat\u00e9ria com a optimiza\u00e7\u00e3o da coloca\u00e7ao e a assun\u00e7\u00e3o das zonas de qualidade;<\/div><\/li><li class=\"fusion-li-item\"><span style=\"background-color:#fb0b0c;font-size:12.32px;height:23.8px;width:23.8px;margin-right:9.8px;\" class=\"icon-wrapper circle-yes\"><i class=\"fusion-li-icon  fa fa-check\" style=\"color:#ffffff;\"><\/i><\/span><div class=\"fusion-li-item-content\" style=\"margin-left:33.6px;\">Uma maior productividade que\u00a0n\u00e3o necessariamente precisa de uma\u00a0m\u00e3o-de-obra especializada ;<\/div><\/li><li class=\"fusion-li-item\"><span style=\"background-color:#fb0b0c;font-size:12.32px;height:23.8px;width:23.8px;margin-right:9.8px;\" class=\"icon-wrapper circle-yes\"><i class=\"fusion-li-icon  fa fa-check\" style=\"color:#ffffff;\"><\/i><\/span><div class=\"fusion-li-item-content\" style=\"margin-left:33.6px;\">Uma redu\u00e7\u00e3o global do processo de produ\u00e7\u00e3o;<\/div><\/li><li class=\"fusion-li-item\"><span style=\"background-color:#fb0b0c;font-size:12.32px;height:23.8px;width:23.8px;margin-right:9.8px;\" class=\"icon-wrapper circle-yes\"><i class=\"fusion-li-icon  fa fa-check\" style=\"color:#ffffff;\"><\/i><\/span><div class=\"fusion-li-item-content\" style=\"margin-left:33.6px;\">Uma precis\u00e3o de corte perfeita.<\/div><\/li><\/ul><div class=\"fusion-button-wrapper\"><style type=\"text\/css\" scoped=\"scoped\">.fusion-button.button-1 .fusion-button-text, .fusion-button.button-1 i {color:#ffffff;}.fusion-button.button-1 {border-width:0px;border-color:#ffffff;}.fusion-button.button-1 .fusion-button-icon-divider{border-color:#ffffff;}.fusion-button.button-1:hover .fusion-button-text, .fusion-button.button-1:hover i,.fusion-button.button-1:focus .fusion-button-text, .fusion-button.button-1:focus i,.fusion-button.button-1:active .fusion-button-text, .fusion-button.button-1:active{color:#ffffff;}.fusion-button.button-1:hover, .fusion-button.button-1:focus, .fusion-button.button-1:active{border-width:0px;border-color:#ffffff;}.fusion-button.button-1:hover .fusion-button-icon-divider, .fusion-button.button-1:hover .fusion-button-icon-divider, .fusion-button.button-1:active .fusion-button-icon-divider{border-color:#ffffff;}.fusion-button.button-1{width:auto;}<\/style><a class=\"fusion-button button-flat fusion-button-round button-large button-default button-1\" target=\"_self\" href=\"..\/wp-content\/uploads\/brochures\/plaquette_graphcad_cuir.pdf\"><span class=\"fusion-button-text\">DESCARREGA AQUI O FOLHETO GRAPHCAD COURO<\/span><\/a><\/div><div class=\"fusion-clearfix\"><\/div>\n\n\t\t\t\t\t<\/div>\n\t\t\t\t<\/div><div  class=\"fusion-layout-column fusion_builder_column fusion_builder_column_1_3  fusion-one-third fusion-column-last 1_3\"  style='margin-top:0px;margin-bottom:20px;width:33.33%;width:calc(33.33% - ( ( 4% ) * 0.3333 ) );'>\n\t\t\t\t\t<div class=\"fusion-column-wrapper\" style=\"padding: 0px 0px 0px 0px;background-position:left top;background-repeat:no-repeat;-webkit-background-size:cover;-moz-background-size:cover;-o-background-size:cover;background-size:cover;\"  data-bg-url=\"\">\n\t\t\t\t\t\t<div class=\"imageframe-align-center\"><span class=\"fusion-imageframe imageframe-none imageframe-1 hover-type-none\"><img loading=\"lazy\" src=\"http:\/\/www.vetigraph.com\/wp-content\/uploads\/2018\/06\/cuir2_popup.jpg\" width=\"646\" height=\"474\" alt=\"\" title=\"GRAPHCUT\u00ae pour le cuir\" class=\"img-responsive wp-image-1807\" srcset=\"https:\/\/www.vetigraph.com\/wp-content\/uploads\/2018\/06\/cuir2_popup-200x147.jpg 200w, https:\/\/www.vetigraph.com\/wp-content\/uploads\/2018\/06\/cuir2_popup-400x293.jpg 400w, https:\/\/www.vetigraph.com\/wp-content\/uploads\/2018\/06\/cuir2_popup-600x440.jpg 600w, https:\/\/www.vetigraph.com\/wp-content\/uploads\/2018\/06\/cuir2_popup.jpg 646w\" sizes=\"(max-width: 800px) 100vw, 400px\" \/><\/span><\/div><div class=\"fusion-video fusion-youtube\" style=\"max-width:600px;max-height:360px;\"><div class=\"video-shortcode\"><iframe title=\"YouTube video player\" src=\"https:\/\/www.youtube.com\/embed\/StpyVBylYXE?wmode=transparent&autoplay=0\" width=\"600\" height=\"360\" allowfullscreen><\/iframe><\/div><\/div><div class=\"fusion-clearfix\"><\/div>\n\n\t\t\t\t\t<\/div>\n\t\t\t\t<\/div><\/div><\/div>\n","protected":false},"excerpt":{"rendered":"","protected":false},"author":1,"featured_media":0,"parent":0,"menu_order":0,"comment_status":"closed","ping_status":"closed","template":"","meta":[],"yoast_head":"<!-- This site is optimized with the Yoast SEO plugin v19.7.1 - https:\/\/yoast.com\/wordpress\/plugins\/seo\/ -->\n<title>GraphCAD\u00aeExpert Couro - Vetigraph<\/title>\n<meta name=\"robots\" content=\"index, follow, max-snippet:-1, max-image-preview:large, max-video-preview:-1\" \/>\n<link rel=\"canonical\" href=\"https:\/\/www.vetigraph.com\/pt-pt\/graphcadexpert-couro\/\" \/>\n<meta property=\"og:locale\" content=\"pt_PT\" \/>\n<meta property=\"og:type\" content=\"article\" \/>\n<meta property=\"og:title\" content=\"GraphCAD\u00aeExpert Couro - Vetigraph\" \/>\n<meta property=\"og:url\" content=\"https:\/\/www.vetigraph.com\/pt-pt\/graphcadexpert-couro\/\" \/>\n<meta property=\"og:site_name\" content=\"Vetigraph\" \/>\n<meta property=\"article:publisher\" content=\"https:\/\/www.facebook.com\/Groupe-Vetigraph-France-1299860016757297\" \/>\n<meta property=\"article:modified_time\" content=\"2021-09-02T13:00:16+00:00\" \/>\n<meta name=\"twitter:card\" content=\"summary_large_image\" \/>\n<meta name=\"twitter:site\" content=\"@vetigraphFr\" \/>\n<meta name=\"twitter:label1\" content=\"Tempo estimado de leitura\" \/>\n\t<meta name=\"twitter:data1\" content=\"4 minutos\" \/>\n<script type=\"application\/ld+json\" class=\"yoast-schema-graph\">{\"@context\":\"https:\/\/schema.org\",\"@graph\":[{\"@type\":\"WebPage\",\"@id\":\"https:\/\/www.vetigraph.com\/pt-pt\/graphcadexpert-couro\/\",\"url\":\"https:\/\/www.vetigraph.com\/pt-pt\/graphcadexpert-couro\/\",\"name\":\"GraphCAD\u00aeExpert Couro - Vetigraph\",\"isPartOf\":{\"@id\":\"https:\/\/www.vetigraph.com\/#website\"},\"datePublished\":\"2019-01-29T11:30:28+00:00\",\"dateModified\":\"2021-09-02T13:00:16+00:00\",\"breadcrumb\":{\"@id\":\"https:\/\/www.vetigraph.com\/pt-pt\/graphcadexpert-couro\/#breadcrumb\"},\"inLanguage\":\"pt-PT\",\"potentialAction\":[{\"@type\":\"ReadAction\",\"target\":[\"https:\/\/www.vetigraph.com\/pt-pt\/graphcadexpert-couro\/\"]}]},{\"@type\":\"BreadcrumbList\",\"@id\":\"https:\/\/www.vetigraph.com\/pt-pt\/graphcadexpert-couro\/#breadcrumb\",\"itemListElement\":[{\"@type\":\"ListItem\",\"position\":1,\"name\":\"Accueil\",\"item\":\"https:\/\/www.vetigraph.com\/pt-pt\/\"},{\"@type\":\"ListItem\",\"position\":2,\"name\":\"GraphCAD\u00aeExpert Couro\"}]},{\"@type\":\"WebSite\",\"@id\":\"https:\/\/www.vetigraph.com\/#website\",\"url\":\"https:\/\/www.vetigraph.com\/\",\"name\":\"Vetigraph\",\"description\":\"\",\"potentialAction\":[{\"@type\":\"SearchAction\",\"target\":{\"@type\":\"EntryPoint\",\"urlTemplate\":\"https:\/\/www.vetigraph.com\/?s={search_term_string}\"},\"query-input\":\"required name=search_term_string\"}],\"inLanguage\":\"pt-PT\"}]}<\/script>\n<!-- \/ Yoast SEO plugin. -->","yoast_head_json":{"title":"GraphCAD\u00aeExpert Couro - Vetigraph","robots":{"index":"index","follow":"follow","max-snippet":"max-snippet:-1","max-image-preview":"max-image-preview:large","max-video-preview":"max-video-preview:-1"},"canonical":"https:\/\/www.vetigraph.com\/pt-pt\/graphcadexpert-couro\/","og_locale":"pt_PT","og_type":"article","og_title":"GraphCAD\u00aeExpert Couro - Vetigraph","og_url":"https:\/\/www.vetigraph.com\/pt-pt\/graphcadexpert-couro\/","og_site_name":"Vetigraph","article_publisher":"https:\/\/www.facebook.com\/Groupe-Vetigraph-France-1299860016757297","article_modified_time":"2021-09-02T13:00:16+00:00","twitter_card":"summary_large_image","twitter_site":"@vetigraphFr","twitter_misc":{"Tempo estimado de leitura":"4 minutos"},"schema":{"@context":"https:\/\/schema.org","@graph":[{"@type":"WebPage","@id":"https:\/\/www.vetigraph.com\/pt-pt\/graphcadexpert-couro\/","url":"https:\/\/www.vetigraph.com\/pt-pt\/graphcadexpert-couro\/","name":"GraphCAD\u00aeExpert Couro - Vetigraph","isPartOf":{"@id":"https:\/\/www.vetigraph.com\/#website"},"datePublished":"2019-01-29T11:30:28+00:00","dateModified":"2021-09-02T13:00:16+00:00","breadcrumb":{"@id":"https:\/\/www.vetigraph.com\/pt-pt\/graphcadexpert-couro\/#breadcrumb"},"inLanguage":"pt-PT","potentialAction":[{"@type":"ReadAction","target":["https:\/\/www.vetigraph.com\/pt-pt\/graphcadexpert-couro\/"]}]},{"@type":"BreadcrumbList","@id":"https:\/\/www.vetigraph.com\/pt-pt\/graphcadexpert-couro\/#breadcrumb","itemListElement":[{"@type":"ListItem","position":1,"name":"Accueil","item":"https:\/\/www.vetigraph.com\/pt-pt\/"},{"@type":"ListItem","position":2,"name":"GraphCAD\u00aeExpert Couro"}]},{"@type":"WebSite","@id":"https:\/\/www.vetigraph.com\/#website","url":"https:\/\/www.vetigraph.com\/","name":"Vetigraph","description":"","potentialAction":[{"@type":"SearchAction","target":{"@type":"EntryPoint","urlTemplate":"https:\/\/www.vetigraph.com\/?s={search_term_string}"},"query-input":"required name=search_term_string"}],"inLanguage":"pt-PT"}]}},"_links":{"self":[{"href":"https:\/\/www.vetigraph.com\/pt-pt\/wp-json\/wp\/v2\/pages\/1806"}],"collection":[{"href":"https:\/\/www.vetigraph.com\/pt-pt\/wp-json\/wp\/v2\/pages"}],"about":[{"href":"https:\/\/www.vetigraph.com\/pt-pt\/wp-json\/wp\/v2\/types\/page"}],"author":[{"embeddable":true,"href":"https:\/\/www.vetigraph.com\/pt-pt\/wp-json\/wp\/v2\/users\/1"}],"replies":[{"embeddable":true,"href":"https:\/\/www.vetigraph.com\/pt-pt\/wp-json\/wp\/v2\/comments?post=1806"}],"version-history":[{"count":24,"href":"https:\/\/www.vetigraph.com\/pt-pt\/wp-json\/wp\/v2\/pages\/1806\/revisions"}],"predecessor-version":[{"id":3599,"href":"https:\/\/www.vetigraph.com\/pt-pt\/wp-json\/wp\/v2\/pages\/1806\/revisions\/3599"}],"wp:attachment":[{"href":"https:\/\/www.vetigraph.com\/pt-pt\/wp-json\/wp\/v2\/media?parent=1806"}],"curies":[{"name":"wp","href":"https:\/\/api.w.org\/{rel}","templated":true}]}}