{"id":1890,"date":"2019-01-30T10:52:11","date_gmt":"2019-01-30T09:52:11","guid":{"rendered":"http:\/\/www.vetigraph.com\/solucao-de-analise-preditiva-tailorretail\/"},"modified":"2019-03-04T15:32:15","modified_gmt":"2019-03-04T14:32:15","slug":"solucao-de-analise-preditiva-tailorretail","status":"publish","type":"page","link":"https:\/\/www.vetigraph.com\/pt-pt\/solucao-de-analise-preditiva-tailorretail\/","title":{"rendered":"Solu\u00e7\u00e3o de an\u00e1lise preditiva : Tailorretail"},"content":{"rendered":"<p><div class=\"fusion-fullwidth fullwidth-box nonhundred-percent-fullwidth non-hundred-percent-height-scrolling\"  style='background-color: #ffffff;background-position: center center;background-repeat: no-repeat;padding-top:0px;padding-right:0px;padding-bottom:0px;padding-left:0px;'><div class=\"fusion-builder-row fusion-row \"><div  class=\"fusion-layout-column fusion_builder_column fusion_builder_column_1_2  fusion-one-half fusion-column-first 1_2\"  style='margin-top:0px;margin-bottom:20px;width:50%;width:calc(50% - ( ( 4% ) * 0.5 ) );margin-right: 4%;'>\n\t\t\t\t\t<div class=\"fusion-column-wrapper\" style=\"padding: 0px 0px 0px 0px;background-position:left top;background-repeat:no-repeat;-webkit-background-size:cover;-moz-background-size:cover;-o-background-size:cover;background-size:cover;\"  data-bg-url=\"\">\n\t\t\t\t\t\t<div class=\"imageframe-align-center\"><span class=\"fusion-imageframe imageframe-none imageframe-1 hover-type-none\"><img loading=\"lazy\" src=\"http:\/\/www.vetigraph.com\/wp-content\/uploads\/2018\/04\/Solution-d-analyse-predictive-Tailorretail.jpg\" width=\"294\" height=\"538\" alt=\"\" title=\"Solution d\u2019analyse pr\u00e9dictive : Tailorretail\" class=\"img-responsive wp-image-1891\" srcset=\"https:\/\/www.vetigraph.com\/wp-content\/uploads\/2018\/04\/Solution-d-analyse-predictive-Tailorretail-200x366.jpg 200w, https:\/\/www.vetigraph.com\/wp-content\/uploads\/2018\/04\/Solution-d-analyse-predictive-Tailorretail.jpg 294w\" sizes=\"(max-width: 800px) 100vw, 294px\" \/><\/span><\/div><div class=\"fusion-clearfix\"><\/div>\n\n\t\t\t\t\t<\/div>\n\t\t\t\t<\/div><div  class=\"fusion-layout-column fusion_builder_column fusion_builder_column_1_2  fusion-one-half fusion-column-last 1_2\"  style='margin-top:0px;margin-bottom:20px;width:50%;width:calc(50% - ( ( 4% ) * 0.5 ) );'>\n\t\t\t\t\t<div class=\"fusion-column-wrapper\" style=\"padding: 0px 0px 0px 0px;background-position:left top;background-repeat:no-repeat;-webkit-background-size:cover;-moz-background-size:cover;-o-background-size:cover;background-size:cover;\"  data-bg-url=\"\">\n\t\t\t\t\t\t<div class=\"fusion-title title fusion-sep-none fusion-title-size-two\" style=\"margin-top:0px;margin-bottom:31px;\"><h2 class=\"title-heading-left\">Instrumento de&nbsp;an\u00e1lise preditiva das&nbsp;tend\u00eancias dedicada a venta a retalho<\/h2><\/div><div class=\"fusion-text\"><p>Tailorretail\u00ae e um instrumento de&nbsp;an\u00e1lise preditiva para adaptar seus sortidos as&nbsp;expectativas dos seus clientes, considerando a opini\u00e3o dos consumidores.&nbsp;\u00c9 importante anticipar o mais poss\u00edvel a montante qual&nbsp;ser\u00e1 o produto, o lugar e o momento certo. O programa permite de agir sobre as aquisi\u00e7\u00f5es, as&nbsp;exist\u00eancias, as margens e, por conseguinte sobre a rentabilidade da explora\u00e7\u00e3o.<\/p>\n<\/div><div class=\"fusion-sep-clear\"><\/div><div class=\"fusion-separator fusion-full-width-sep sep-single sep-solid\" style=\"border-color:#e0dede;border-top-width:1px;margin-left: auto;margin-right: auto;margin-top:20px;margin-bottom:20px;\"><\/div><div class=\"fusion-button-wrapper fusion-aligncenter\"><style type=\"text\/css\" scoped=\"scoped\">.fusion-button.button-1 .fusion-button-text, .fusion-button.button-1 i {color:#ffffff;}.fusion-button.button-1 {border-width:0px;border-color:#ffffff;}.fusion-button.button-1 .fusion-button-icon-divider{border-color:#ffffff;}.fusion-button.button-1:hover .fusion-button-text, .fusion-button.button-1:hover i,.fusion-button.button-1:focus .fusion-button-text, .fusion-button.button-1:focus i,.fusion-button.button-1:active .fusion-button-text, .fusion-button.button-1:active{color:#ffffff;}.fusion-button.button-1:hover, .fusion-button.button-1:focus, .fusion-button.button-1:active{border-width:0px;border-color:#ffffff;}.fusion-button.button-1:hover .fusion-button-icon-divider, .fusion-button.button-1:hover .fusion-button-icon-divider, .fusion-button.button-1:active .fusion-button-icon-divider{border-color:#ffffff;}.fusion-button.button-1{width:auto;}<\/style><a class=\"fusion-button button-flat fusion-button-round button-large button-default button-1\" target=\"_blank\" rel=\"noopener noreferrer\" href=\"..\/wp-content\/uploads\/brochures\/Dossier_TAILORRETAIL.pdf\"><i class=\"fa-download fas button-icon-left\"><\/i><span class=\"fusion-button-text\">\n<p>Descarrega aqui o folheto Tailorretail<\/p>\n<\/span><\/a><\/div><div class=\"fusion-sep-clear\"><\/div><div class=\"fusion-separator fusion-full-width-sep sep-single sep-solid\" style=\"border-color:#e0dede;border-top-width:1px;margin-left: auto;margin-right: auto;margin-top:20px;margin-bottom:20px;\"><\/div><div class=\"fusion-title title fusion-sep-none fusion-title-size-two\" style=\"margin-top:0px;margin-bottom:31px;\"><h2 class=\"title-heading-left\">Algumas fun\u00e7\u00f5es&nbsp;de&nbsp;Tailorretail\u00ae :<\/h2><\/div><ul class=\"fusion-checklist fusion-checklist-1\" style=\"font-size:14px;line-height:23.8px;\"><li class=\"fusion-li-item\"><span style=\"background-color:#fb0b0c;font-size:12.32px;height:23.8px;width:23.8px;margin-right:9.8px;\" class=\"icon-wrapper circle-yes\"><i class=\"fusion-li-icon  fa fa-check\" style=\"color:#ffffff;\"><\/i><\/span><div class=\"fusion-li-item-content\" style=\"margin-left:33.6px;\">\n<p>Gest\u00e3o de uma base produtos de dados<\/p>\n<\/div><\/li><li class=\"fusion-li-item\"><span style=\"background-color:#fb0b0c;font-size:12.32px;height:23.8px;width:23.8px;margin-right:9.8px;\" class=\"icon-wrapper circle-yes\"><i class=\"fusion-li-icon  fa fa-check\" style=\"color:#ffffff;\"><\/i><\/span><div class=\"fusion-li-item-content\" style=\"margin-left:33.6px;\">\n<p>Importa\u00e7\u00e3o de bases de dados clientes&nbsp;completos<\/p>\n<\/div><\/li><li class=\"fusion-li-item\"><span style=\"background-color:#fb0b0c;font-size:12.32px;height:23.8px;width:23.8px;margin-right:9.8px;\" class=\"icon-wrapper circle-yes\"><i class=\"fusion-li-icon  fa fa-check\" style=\"color:#ffffff;\"><\/i><\/span><div class=\"fusion-li-item-content\" style=\"margin-left:33.6px;\">\n<p>Qualifica\u00e7\u00e3o da base atrav\u00e9s de um primeiro teste<\/p>\n<\/div><\/li><li class=\"fusion-li-item\"><span style=\"background-color:#fb0b0c;font-size:12.32px;height:23.8px;width:23.8px;margin-right:9.8px;\" class=\"icon-wrapper circle-yes\"><i class=\"fusion-li-icon  fa fa-check\" style=\"color:#ffffff;\"><\/i><\/span><div class=\"fusion-li-item-content\" style=\"margin-left:33.6px;\">\n<p>Investiga\u00e7\u00e3o sobre a colec\u00e7\u00e3o junto a base&nbsp;qualificada<\/p>\n<\/div><\/li><li class=\"fusion-li-item\"><span style=\"background-color:#fb0b0c;font-size:12.32px;height:23.8px;width:23.8px;margin-right:9.8px;\" class=\"icon-wrapper circle-yes\"><i class=\"fusion-li-icon  fa fa-check\" style=\"color:#ffffff;\"><\/i><\/span><div class=\"fusion-li-item-content\" style=\"margin-left:33.6px;\">\n<p>Estat\u00edsticas m\u00faltiplas incluindo gr\u00e1ficos din\u00e2micos<\/p>\n<\/div><\/li><li class=\"fusion-li-item\"><span style=\"background-color:#fb0b0c;font-size:12.32px;height:23.8px;width:23.8px;margin-right:9.8px;\" class=\"icon-wrapper circle-yes\"><i class=\"fusion-li-icon  fa fa-check\" style=\"color:#ffffff;\"><\/i><\/span><div class=\"fusion-li-item-content\" style=\"margin-left:33.6px;\">\n<p>Exporta\u00e7\u00f5es de todas as informa\u00e7\u00f5es no Excel<\/p>\n<\/div><\/li><li class=\"fusion-li-item\"><span style=\"background-color:#fb0b0c;font-size:12.32px;height:23.8px;width:23.8px;margin-right:9.8px;\" class=\"icon-wrapper circle-yes\"><i class=\"fusion-li-icon  fa fa-check\" style=\"color:#ffffff;\"><\/i><\/span><div class=\"fusion-li-item-content\" style=\"margin-left:33.6px;\">\n<p>Impress\u00e3o de relat\u00f3rios completos em formato PDF<\/p>\n<\/div><\/li><\/ul><div class=\"fusion-clearfix\"><\/div>\n\n\t\t\t\t\t<\/div>\n\t\t\t\t<\/div><\/div><\/div><div class=\"fusion-fullwidth fullwidth-box nonhundred-percent-fullwidth non-hundred-percent-height-scrolling\"  style='background-color: #ffffff;background-position: center center;background-repeat: no-repeat;padding-top:0px;padding-right:0px;padding-bottom:0px;padding-left:0px;'><div class=\"fusion-builder-row fusion-row \"><div  class=\"fusion-layout-column fusion_builder_column fusion_builder_column_1_1  fusion-one-full fusion-column-first fusion-column-last 1_1\"  style='margin-top:0px;margin-bottom:20px;'>\n\t\t\t\t\t<div class=\"fusion-column-wrapper\" style=\"padding: 0px 0px 0px 0px;background-position:left top;background-repeat:no-repeat;-webkit-background-size:cover;-moz-background-size:cover;-o-background-size:cover;background-size:cover;\"  data-bg-url=\"\">\n\t\t\t\t\t\t<div class=\"fusion-title title fusion-sep-none fusion-title-center fusion-title-size-two\" style=\"margin-top:0px;margin-bottom:31px;\"><h2 class=\"title-heading-center\">A import\u00e2ncia da an\u00e1lise preditiva para anticipar as&nbsp;tend\u00eancias na moda<\/h2><\/div><div class=\"fusion-video fusion-youtube fusion-aligncenter\" style=\"max-width:1100px;max-height:500px; width:100%\"><div class=\"video-shortcode\"><iframe title=\"YouTube video player\" src=\"https:\/\/www.youtube.com\/embed\/fsaaiqmNiiM?wmode=transparent&autoplay=0&amp;rel=0&amp;showinfo=0\" width=\"1100\" height=\"500\" allowfullscreen><\/iframe><\/div><\/div><div class=\"fusion-sep-clear\"><\/div><div class=\"fusion-separator fusion-full-width-sep sep-single sep-solid\" style=\"border-color:#e0dede;border-top-width:1px;margin-left: auto;margin-right: auto;margin-top:20px;margin-bottom:20px;\"><\/div><div class=\"fusion-button-wrapper fusion-aligncenter\"><style type=\"text\/css\" scoped=\"scoped\">.fusion-button.button-2 .fusion-button-text, .fusion-button.button-2 i {color:#ffffff;}.fusion-button.button-2 {border-width:0px;border-color:#ffffff;}.fusion-button.button-2 .fusion-button-icon-divider{border-color:#ffffff;}.fusion-button.button-2:hover .fusion-button-text, .fusion-button.button-2:hover i,.fusion-button.button-2:focus .fusion-button-text, .fusion-button.button-2:focus i,.fusion-button.button-2:active .fusion-button-text, .fusion-button.button-2:active{color:#ffffff;}.fusion-button.button-2:hover, .fusion-button.button-2:focus, .fusion-button.button-2:active{border-width:0px;border-color:#ffffff;}.fusion-button.button-2:hover .fusion-button-icon-divider, .fusion-button.button-2:hover .fusion-button-icon-divider, .fusion-button.button-2:active .fusion-button-icon-divider{border-color:#ffffff;}.fusion-button.button-2{width:auto;}<\/style><a class=\"fusion-button button-flat fusion-button-round button-large button-default button-2\" target=\"_blank\" rel=\"noopener noreferrer\" href=\"..\/wp-content\/uploads\/brochures\/Dossier_TAILORRETAIL.pdf\"><i class=\"fa-download fas button-icon-left\"><\/i><span class=\"fusion-button-text\">\n<p>Descarrega aqui o folheto Tailorretail<\/p>\n<\/span><\/a><\/div><div class=\"fusion-clearfix\"><\/div>\n\n\t\t\t\t\t<\/div>\n\t\t\t\t<\/div><\/div><\/div><\/p>\n","protected":false},"excerpt":{"rendered":"","protected":false},"author":1,"featured_media":0,"parent":0,"menu_order":0,"comment_status":"closed","ping_status":"closed","template":"","meta":[],"yoast_head":"<!-- This site is optimized with the Yoast SEO plugin v19.7.1 - https:\/\/yoast.com\/wordpress\/plugins\/seo\/ -->\n<title>Solu\u00e7\u00e3o de an\u00e1lise preditiva : Tailorretail - Vetigraph<\/title>\n<meta name=\"robots\" content=\"index, follow, max-snippet:-1, max-image-preview:large, max-video-preview:-1\" \/>\n<link rel=\"canonical\" href=\"https:\/\/www.vetigraph.com\/pt-pt\/solucao-de-analise-preditiva-tailorretail\/\" \/>\n<meta property=\"og:locale\" content=\"pt_PT\" \/>\n<meta property=\"og:type\" content=\"article\" \/>\n<meta property=\"og:title\" content=\"Solu\u00e7\u00e3o de an\u00e1lise preditiva : Tailorretail - Vetigraph\" \/>\n<meta property=\"og:url\" content=\"https:\/\/www.vetigraph.com\/pt-pt\/solucao-de-analise-preditiva-tailorretail\/\" \/>\n<meta property=\"og:site_name\" content=\"Vetigraph\" \/>\n<meta property=\"article:publisher\" content=\"https:\/\/www.facebook.com\/Groupe-Vetigraph-France-1299860016757297\" \/>\n<meta property=\"article:modified_time\" content=\"2019-03-04T14:32:15+00:00\" \/>\n<meta name=\"twitter:card\" content=\"summary_large_image\" \/>\n<meta name=\"twitter:site\" content=\"@vetigraphFr\" \/>\n<meta name=\"twitter:label1\" content=\"Tempo estimado de leitura\" \/>\n\t<meta name=\"twitter:data1\" content=\"5 minutos\" \/>\n<script type=\"application\/ld+json\" class=\"yoast-schema-graph\">{\"@context\":\"https:\/\/schema.org\",\"@graph\":[{\"@type\":\"WebPage\",\"@id\":\"https:\/\/www.vetigraph.com\/pt-pt\/solucao-de-analise-preditiva-tailorretail\/\",\"url\":\"https:\/\/www.vetigraph.com\/pt-pt\/solucao-de-analise-preditiva-tailorretail\/\",\"name\":\"Solu\u00e7\u00e3o de an\u00e1lise preditiva : Tailorretail - Vetigraph\",\"isPartOf\":{\"@id\":\"https:\/\/www.vetigraph.com\/#website\"},\"datePublished\":\"2019-01-30T09:52:11+00:00\",\"dateModified\":\"2019-03-04T14:32:15+00:00\",\"breadcrumb\":{\"@id\":\"https:\/\/www.vetigraph.com\/pt-pt\/solucao-de-analise-preditiva-tailorretail\/#breadcrumb\"},\"inLanguage\":\"pt-PT\",\"potentialAction\":[{\"@type\":\"ReadAction\",\"target\":[\"https:\/\/www.vetigraph.com\/pt-pt\/solucao-de-analise-preditiva-tailorretail\/\"]}]},{\"@type\":\"BreadcrumbList\",\"@id\":\"https:\/\/www.vetigraph.com\/pt-pt\/solucao-de-analise-preditiva-tailorretail\/#breadcrumb\",\"itemListElement\":[{\"@type\":\"ListItem\",\"position\":1,\"name\":\"Accueil\",\"item\":\"https:\/\/www.vetigraph.com\/pt-pt\/\"},{\"@type\":\"ListItem\",\"position\":2,\"name\":\"Solu\u00e7\u00e3o de an\u00e1lise preditiva : Tailorretail\"}]},{\"@type\":\"WebSite\",\"@id\":\"https:\/\/www.vetigraph.com\/#website\",\"url\":\"https:\/\/www.vetigraph.com\/\",\"name\":\"Vetigraph\",\"description\":\"\",\"potentialAction\":[{\"@type\":\"SearchAction\",\"target\":{\"@type\":\"EntryPoint\",\"urlTemplate\":\"https:\/\/www.vetigraph.com\/?s={search_term_string}\"},\"query-input\":\"required name=search_term_string\"}],\"inLanguage\":\"pt-PT\"}]}<\/script>\n<!-- \/ Yoast SEO plugin. -->","yoast_head_json":{"title":"Solu\u00e7\u00e3o de an\u00e1lise preditiva : Tailorretail - Vetigraph","robots":{"index":"index","follow":"follow","max-snippet":"max-snippet:-1","max-image-preview":"max-image-preview:large","max-video-preview":"max-video-preview:-1"},"canonical":"https:\/\/www.vetigraph.com\/pt-pt\/solucao-de-analise-preditiva-tailorretail\/","og_locale":"pt_PT","og_type":"article","og_title":"Solu\u00e7\u00e3o de an\u00e1lise preditiva : Tailorretail - Vetigraph","og_url":"https:\/\/www.vetigraph.com\/pt-pt\/solucao-de-analise-preditiva-tailorretail\/","og_site_name":"Vetigraph","article_publisher":"https:\/\/www.facebook.com\/Groupe-Vetigraph-France-1299860016757297","article_modified_time":"2019-03-04T14:32:15+00:00","twitter_card":"summary_large_image","twitter_site":"@vetigraphFr","twitter_misc":{"Tempo estimado de leitura":"5 minutos"},"schema":{"@context":"https:\/\/schema.org","@graph":[{"@type":"WebPage","@id":"https:\/\/www.vetigraph.com\/pt-pt\/solucao-de-analise-preditiva-tailorretail\/","url":"https:\/\/www.vetigraph.com\/pt-pt\/solucao-de-analise-preditiva-tailorretail\/","name":"Solu\u00e7\u00e3o de an\u00e1lise preditiva : Tailorretail - Vetigraph","isPartOf":{"@id":"https:\/\/www.vetigraph.com\/#website"},"datePublished":"2019-01-30T09:52:11+00:00","dateModified":"2019-03-04T14:32:15+00:00","breadcrumb":{"@id":"https:\/\/www.vetigraph.com\/pt-pt\/solucao-de-analise-preditiva-tailorretail\/#breadcrumb"},"inLanguage":"pt-PT","potentialAction":[{"@type":"ReadAction","target":["https:\/\/www.vetigraph.com\/pt-pt\/solucao-de-analise-preditiva-tailorretail\/"]}]},{"@type":"BreadcrumbList","@id":"https:\/\/www.vetigraph.com\/pt-pt\/solucao-de-analise-preditiva-tailorretail\/#breadcrumb","itemListElement":[{"@type":"ListItem","position":1,"name":"Accueil","item":"https:\/\/www.vetigraph.com\/pt-pt\/"},{"@type":"ListItem","position":2,"name":"Solu\u00e7\u00e3o de an\u00e1lise preditiva : Tailorretail"}]},{"@type":"WebSite","@id":"https:\/\/www.vetigraph.com\/#website","url":"https:\/\/www.vetigraph.com\/","name":"Vetigraph","description":"","potentialAction":[{"@type":"SearchAction","target":{"@type":"EntryPoint","urlTemplate":"https:\/\/www.vetigraph.com\/?s={search_term_string}"},"query-input":"required name=search_term_string"}],"inLanguage":"pt-PT"}]}},"_links":{"self":[{"href":"https:\/\/www.vetigraph.com\/pt-pt\/wp-json\/wp\/v2\/pages\/1890"}],"collection":[{"href":"https:\/\/www.vetigraph.com\/pt-pt\/wp-json\/wp\/v2\/pages"}],"about":[{"href":"https:\/\/www.vetigraph.com\/pt-pt\/wp-json\/wp\/v2\/types\/page"}],"author":[{"embeddable":true,"href":"https:\/\/www.vetigraph.com\/pt-pt\/wp-json\/wp\/v2\/users\/1"}],"replies":[{"embeddable":true,"href":"https:\/\/www.vetigraph.com\/pt-pt\/wp-json\/wp\/v2\/comments?post=1890"}],"version-history":[{"count":17,"href":"https:\/\/www.vetigraph.com\/pt-pt\/wp-json\/wp\/v2\/pages\/1890\/revisions"}],"predecessor-version":[{"id":2698,"href":"https:\/\/www.vetigraph.com\/pt-pt\/wp-json\/wp\/v2\/pages\/1890\/revisions\/2698"}],"wp:attachment":[{"href":"https:\/\/www.vetigraph.com\/pt-pt\/wp-json\/wp\/v2\/media?parent=1890"}],"curies":[{"name":"wp","href":"https:\/\/api.w.org\/{rel}","templated":true}]}}