{"id":1972,"date":"2019-01-30T17:07:32","date_gmt":"2019-01-30T16:07:32","guid":{"rendered":"http:\/\/www.vetigraph.com\/plotter-quickjet\/"},"modified":"2019-03-05T11:02:51","modified_gmt":"2019-03-05T10:02:51","slug":"plotter-quickjet","status":"publish","type":"page","link":"https:\/\/www.vetigraph.com\/pt-pt\/plotter-quickjet\/","title":{"rendered":"Plotter Quickjet"},"content":{"rendered":"<div class=\"fusion-fullwidth fullwidth-box nonhundred-percent-fullwidth non-hundred-percent-height-scrolling\"  style='background-color: #ffffff;background-position: center center;background-repeat: no-repeat;padding-top:0px;padding-right:0px;padding-bottom:0px;padding-left:0px;'><div class=\"fusion-builder-row fusion-row \"><div  class=\"fusion-layout-column fusion_builder_column fusion_builder_column_1_2  fusion-one-half fusion-column-first 1_2\"  style='margin-top:0px;margin-bottom:20px;width:50%;width:calc(50% - ( ( 4% ) * 0.5 ) );margin-right: 4%;'>\n\t\t\t\t\t<div class=\"fusion-column-wrapper\" style=\"padding: 0px 0px 0px 0px;background-position:left top;background-repeat:no-repeat;-webkit-background-size:cover;-moz-background-size:cover;-o-background-size:cover;background-size:cover;\"  data-bg-url=\"\">\n\t\t\t\t\t\t<span class=\"fusion-imageframe imageframe-none imageframe-1 hover-type-none\"><img loading=\"lazy\" src=\"http:\/\/www.vetigraph.com\/wp-content\/uploads\/2018\/04\/Traceur-Quickjet.jpg\" width=\"267\" height=\"184\" alt=\"\" title=\"Traceur Quickjet\" class=\"img-responsive wp-image-1973\" srcset=\"https:\/\/www.vetigraph.com\/wp-content\/uploads\/2018\/04\/Traceur-Quickjet-200x138.jpg 200w, https:\/\/www.vetigraph.com\/wp-content\/uploads\/2018\/04\/Traceur-Quickjet.jpg 267w\" sizes=\"(max-width: 800px) 100vw, 267px\" \/><\/span><div class=\"fusion-clearfix\"><\/div>\n\n\t\t\t\t\t<\/div>\n\t\t\t\t<\/div><div  class=\"fusion-layout-column fusion_builder_column fusion_builder_column_1_2  fusion-one-half fusion-column-last 1_2\"  style='margin-top:0px;margin-bottom:20px;width:50%;width:calc(50% - ( ( 4% ) * 0.5 ) );'>\n\t\t\t\t\t<div class=\"fusion-column-wrapper\" style=\"padding: 0px 0px 0px 0px;background-position:left top;background-repeat:no-repeat;-webkit-background-size:cover;-moz-background-size:cover;-o-background-size:cover;background-size:cover;\"  data-bg-url=\"\">\n\t\t\t\t\t\t<div class=\"fusion-text\"><p>QuickJet\u00ae utiliza um cartucho de toner HP\u00a0cl\u00e1ssica que podem ser compradas em qualquer lado e n\u00e3o necessitem um reservat\u00f3rio de tinta espec\u00edfico.\u00a0Esta diferen\u00e7a de concep\u00e7\u00e3o \u00e9 fundamental, o cliente utilizador n\u00e3o \u00e9 \u00ab preso dentro de um sistema propriet\u00e1rio \u00bb que necessitam um aprovisionamento em tinta.<\/p>\n<p>O plotter QuickJet\u00ae prov\u00e9m de uma tecnologia simples, a realiza\u00e7\u00e3o e recep\u00e7\u00e3o do papel s\u00e3o efectuadas pela frente, fixado sobre os rolos motorizados que permite de assegurar a regularidade da qualidade de impress\u00e3o do princ\u00edpio at\u00e9 ao fim do rolo de papel.<\/p>\n<\/div><div class=\"fusion-sep-clear\"><\/div><div class=\"fusion-separator fusion-full-width-sep sep-single sep-solid\" style=\"border-color:#e0dede;border-top-width:1px;margin-left: auto;margin-right: auto;margin-top:20px;margin-bottom:20px;\"><\/div><div class=\"fusion-button-wrapper fusion-aligncenter\"><style type=\"text\/css\" scoped=\"scoped\">.fusion-button.button-1 .fusion-button-text, .fusion-button.button-1 i {color:#ffffff;}.fusion-button.button-1 {border-width:0px;border-color:#ffffff;}.fusion-button.button-1 .fusion-button-icon-divider{border-color:#ffffff;}.fusion-button.button-1:hover .fusion-button-text, .fusion-button.button-1:hover i,.fusion-button.button-1:focus .fusion-button-text, .fusion-button.button-1:focus i,.fusion-button.button-1:active .fusion-button-text, .fusion-button.button-1:active{color:#ffffff;}.fusion-button.button-1:hover, .fusion-button.button-1:focus, .fusion-button.button-1:active{border-width:0px;border-color:#ffffff;}.fusion-button.button-1:hover .fusion-button-icon-divider, .fusion-button.button-1:hover .fusion-button-icon-divider, .fusion-button.button-1:active .fusion-button-icon-divider{border-color:#ffffff;}.fusion-button.button-1{width:auto;}<\/style><a class=\"fusion-button button-flat fusion-button-round button-large button-default button-1\" target=\"_blank\" rel=\"noopener noreferrer\" href=\"..\/wp-content\/uploads\/brochures\/TraceurQUICKJET.pdf\"><i class=\"fa-download fas button-icon-left\"><\/i><span class=\"fusion-button-text\">Descarrega aqui o folheto do Plotter Quickjet<\/span><\/a><\/div><div class=\"fusion-clearfix\"><\/div>\n\n\t\t\t\t\t<\/div>\n\t\t\t\t<\/div><\/div><\/div>\n","protected":false},"excerpt":{"rendered":"","protected":false},"author":1,"featured_media":0,"parent":0,"menu_order":0,"comment_status":"closed","ping_status":"closed","template":"","meta":[],"yoast_head":"<!-- This site is optimized with the Yoast SEO plugin v19.7.1 - https:\/\/yoast.com\/wordpress\/plugins\/seo\/ -->\n<title>Plotter Quickjet - Vetigraph<\/title>\n<meta name=\"robots\" content=\"index, follow, max-snippet:-1, max-image-preview:large, max-video-preview:-1\" \/>\n<link rel=\"canonical\" href=\"https:\/\/www.vetigraph.com\/pt-pt\/plotter-quickjet\/\" \/>\n<meta property=\"og:locale\" content=\"pt_PT\" \/>\n<meta property=\"og:type\" content=\"article\" \/>\n<meta property=\"og:title\" content=\"Plotter Quickjet - Vetigraph\" \/>\n<meta property=\"og:url\" content=\"https:\/\/www.vetigraph.com\/pt-pt\/plotter-quickjet\/\" \/>\n<meta property=\"og:site_name\" content=\"Vetigraph\" \/>\n<meta property=\"article:publisher\" content=\"https:\/\/www.facebook.com\/Groupe-Vetigraph-France-1299860016757297\" \/>\n<meta property=\"article:modified_time\" content=\"2019-03-05T10:02:51+00:00\" \/>\n<meta name=\"twitter:card\" content=\"summary_large_image\" \/>\n<meta name=\"twitter:site\" content=\"@vetigraphFr\" \/>\n<meta name=\"twitter:label1\" content=\"Tempo estimado de leitura\" \/>\n\t<meta name=\"twitter:data1\" content=\"3 minutos\" \/>\n<script type=\"application\/ld+json\" class=\"yoast-schema-graph\">{\"@context\":\"https:\/\/schema.org\",\"@graph\":[{\"@type\":\"WebPage\",\"@id\":\"https:\/\/www.vetigraph.com\/pt-pt\/plotter-quickjet\/\",\"url\":\"https:\/\/www.vetigraph.com\/pt-pt\/plotter-quickjet\/\",\"name\":\"Plotter Quickjet - Vetigraph\",\"isPartOf\":{\"@id\":\"https:\/\/www.vetigraph.com\/#website\"},\"datePublished\":\"2019-01-30T16:07:32+00:00\",\"dateModified\":\"2019-03-05T10:02:51+00:00\",\"breadcrumb\":{\"@id\":\"https:\/\/www.vetigraph.com\/pt-pt\/plotter-quickjet\/#breadcrumb\"},\"inLanguage\":\"pt-PT\",\"potentialAction\":[{\"@type\":\"ReadAction\",\"target\":[\"https:\/\/www.vetigraph.com\/pt-pt\/plotter-quickjet\/\"]}]},{\"@type\":\"BreadcrumbList\",\"@id\":\"https:\/\/www.vetigraph.com\/pt-pt\/plotter-quickjet\/#breadcrumb\",\"itemListElement\":[{\"@type\":\"ListItem\",\"position\":1,\"name\":\"Accueil\",\"item\":\"https:\/\/www.vetigraph.com\/pt-pt\/\"},{\"@type\":\"ListItem\",\"position\":2,\"name\":\"Plotter Quickjet\"}]},{\"@type\":\"WebSite\",\"@id\":\"https:\/\/www.vetigraph.com\/#website\",\"url\":\"https:\/\/www.vetigraph.com\/\",\"name\":\"Vetigraph\",\"description\":\"\",\"potentialAction\":[{\"@type\":\"SearchAction\",\"target\":{\"@type\":\"EntryPoint\",\"urlTemplate\":\"https:\/\/www.vetigraph.com\/?s={search_term_string}\"},\"query-input\":\"required name=search_term_string\"}],\"inLanguage\":\"pt-PT\"}]}<\/script>\n<!-- \/ Yoast SEO plugin. -->","yoast_head_json":{"title":"Plotter Quickjet - Vetigraph","robots":{"index":"index","follow":"follow","max-snippet":"max-snippet:-1","max-image-preview":"max-image-preview:large","max-video-preview":"max-video-preview:-1"},"canonical":"https:\/\/www.vetigraph.com\/pt-pt\/plotter-quickjet\/","og_locale":"pt_PT","og_type":"article","og_title":"Plotter Quickjet - Vetigraph","og_url":"https:\/\/www.vetigraph.com\/pt-pt\/plotter-quickjet\/","og_site_name":"Vetigraph","article_publisher":"https:\/\/www.facebook.com\/Groupe-Vetigraph-France-1299860016757297","article_modified_time":"2019-03-05T10:02:51+00:00","twitter_card":"summary_large_image","twitter_site":"@vetigraphFr","twitter_misc":{"Tempo estimado de leitura":"3 minutos"},"schema":{"@context":"https:\/\/schema.org","@graph":[{"@type":"WebPage","@id":"https:\/\/www.vetigraph.com\/pt-pt\/plotter-quickjet\/","url":"https:\/\/www.vetigraph.com\/pt-pt\/plotter-quickjet\/","name":"Plotter Quickjet - Vetigraph","isPartOf":{"@id":"https:\/\/www.vetigraph.com\/#website"},"datePublished":"2019-01-30T16:07:32+00:00","dateModified":"2019-03-05T10:02:51+00:00","breadcrumb":{"@id":"https:\/\/www.vetigraph.com\/pt-pt\/plotter-quickjet\/#breadcrumb"},"inLanguage":"pt-PT","potentialAction":[{"@type":"ReadAction","target":["https:\/\/www.vetigraph.com\/pt-pt\/plotter-quickjet\/"]}]},{"@type":"BreadcrumbList","@id":"https:\/\/www.vetigraph.com\/pt-pt\/plotter-quickjet\/#breadcrumb","itemListElement":[{"@type":"ListItem","position":1,"name":"Accueil","item":"https:\/\/www.vetigraph.com\/pt-pt\/"},{"@type":"ListItem","position":2,"name":"Plotter Quickjet"}]},{"@type":"WebSite","@id":"https:\/\/www.vetigraph.com\/#website","url":"https:\/\/www.vetigraph.com\/","name":"Vetigraph","description":"","potentialAction":[{"@type":"SearchAction","target":{"@type":"EntryPoint","urlTemplate":"https:\/\/www.vetigraph.com\/?s={search_term_string}"},"query-input":"required name=search_term_string"}],"inLanguage":"pt-PT"}]}},"_links":{"self":[{"href":"https:\/\/www.vetigraph.com\/pt-pt\/wp-json\/wp\/v2\/pages\/1972"}],"collection":[{"href":"https:\/\/www.vetigraph.com\/pt-pt\/wp-json\/wp\/v2\/pages"}],"about":[{"href":"https:\/\/www.vetigraph.com\/pt-pt\/wp-json\/wp\/v2\/types\/page"}],"author":[{"embeddable":true,"href":"https:\/\/www.vetigraph.com\/pt-pt\/wp-json\/wp\/v2\/users\/1"}],"replies":[{"embeddable":true,"href":"https:\/\/www.vetigraph.com\/pt-pt\/wp-json\/wp\/v2\/comments?post=1972"}],"version-history":[{"count":17,"href":"https:\/\/www.vetigraph.com\/pt-pt\/wp-json\/wp\/v2\/pages\/1972\/revisions"}],"predecessor-version":[{"id":2845,"href":"https:\/\/www.vetigraph.com\/pt-pt\/wp-json\/wp\/v2\/pages\/1972\/revisions\/2845"}],"wp:attachment":[{"href":"https:\/\/www.vetigraph.com\/pt-pt\/wp-json\/wp\/v2\/media?parent=1972"}],"curies":[{"name":"wp","href":"https:\/\/api.w.org\/{rel}","templated":true}]}}