{"id":2051,"date":"2019-02-04T10:17:53","date_gmt":"2019-02-04T09:17:53","guid":{"rendered":"http:\/\/www.vetigraph.com\/sobre\/"},"modified":"2019-03-07T16:16:07","modified_gmt":"2019-03-07T15:16:07","slug":"sobre","status":"publish","type":"page","link":"https:\/\/www.vetigraph.com\/pt-pt\/sobre\/","title":{"rendered":"Sobre"},"content":{"rendered":"<div class=\"fusion-fullwidth fullwidth-box nonhundred-percent-fullwidth non-hundred-percent-height-scrolling\"  style='background-color: #ffffff;background-position: center center;background-repeat: no-repeat;padding-top:0px;padding-right:0px;padding-bottom:0px;padding-left:0px;'><div class=\"fusion-builder-row fusion-row \"><div  class=\"fusion-layout-column fusion_builder_column fusion_builder_column_1_2  fusion-one-half fusion-column-first 1_2\"  style='margin-top:0px;margin-bottom:20px;width:50%;width:calc(50% - ( ( 4% ) * 0.5 ) );margin-right: 4%;'>\n\t\t\t\t\t<div class=\"fusion-column-wrapper\" style=\"padding: 0px 0px 0px 0px;background-position:left top;background-repeat:no-repeat;-webkit-background-size:cover;-moz-background-size:cover;-o-background-size:cover;background-size:cover;\"  data-bg-url=\"\">\n\t\t\t\t\t\t<div class=\"imageframe-align-center\"><span class=\"fusion-imageframe imageframe-none imageframe-1 hover-type-none\"><img loading=\"lazy\" src=\"https:\/\/www.vetigraph.com\/wp-content\/uploads\/2018\/11\/Fichier-1@300x-1024x873.png\" width=\"1024\" height=\"873\" alt=\"\" title=\"Fichier 1@300x\" class=\"img-responsive wp-image-2057\" srcset=\"https:\/\/www.vetigraph.com\/wp-content\/uploads\/2018\/11\/Fichier-1@300x-200x170.png 200w, https:\/\/www.vetigraph.com\/wp-content\/uploads\/2018\/11\/Fichier-1@300x-400x341.png 400w, https:\/\/www.vetigraph.com\/wp-content\/uploads\/2018\/11\/Fichier-1@300x-600x511.png 600w, https:\/\/www.vetigraph.com\/wp-content\/uploads\/2018\/11\/Fichier-1@300x-800x682.png 800w, https:\/\/www.vetigraph.com\/wp-content\/uploads\/2018\/11\/Fichier-1@300x-1200x1022.png 1200w\" sizes=\"(max-width: 800px) 100vw, 600px\" \/><\/span><\/div><div class=\"fusion-clearfix\"><\/div>\n\n\t\t\t\t\t<\/div>\n\t\t\t\t<\/div><div  class=\"fusion-layout-column fusion_builder_column fusion_builder_column_1_2  fusion-one-half fusion-column-last 1_2\"  style='margin-top:0px;margin-bottom:20px;width:50%;width:calc(50% - ( ( 4% ) * 0.5 ) );'>\n\t\t\t\t\t<div class=\"fusion-column-wrapper\" style=\"padding: 0px 0px 0px 0px;background-position:left top;background-repeat:no-repeat;-webkit-background-size:cover;-moz-background-size:cover;-o-background-size:cover;background-size:cover;\"  data-bg-url=\"\">\n\t\t\t\t\t\t<div class=\"fusion-text\"><p>VETIGRAPH, empresa francesa,<strong> desenvolva desde 1984 programas de CAD\/CFAO<\/strong> destinadas as ind\u00fastrias do vestu\u00e1rio, autom\u00f3vel, aeron\u00e1utico,\u00a0mobili\u00e1rio,\u00a0t\u00eaxteis t\u00e9cnicos e todas as\u00a0ind\u00fastrias que necessitam de cortar materiais\u00a0flex\u00edveis.<\/p>\n<p>Com um saber-fazer forte e uma\u00a0experi\u00eancia em CFAO e em processo industrial, <strong>nossos programas \u00e9 o resultado de 35 anos de presen\u00e7a no terreno<\/strong>\u00a0em contacto com os nossos clientes para responder as necessidades que esperam.<\/p>\n<p>Nosso escrit\u00f3rio de I&amp;D desenvolva incessantemente novos programas de hardwares e softwares concebidos para \u00e0s suas\u00a0profiss\u00f5es para lhe permitir de ser cada vez mais eficaz.<\/p>\n<\/div><div class=\"fusion-sep-clear\"><\/div><div class=\"fusion-separator fusion-full-width-sep sep-single sep-solid\" style=\"border-color:#e0dede;border-top-width:1px;margin-left: auto;margin-right: auto;margin-top:20px;margin-bottom:20px;\"><\/div><div class=\"fusion-button-wrapper fusion-aligncenter\"><style type=\"text\/css\" scoped=\"scoped\">.fusion-button.button-1 .fusion-button-text, .fusion-button.button-1 i {color:#ffffff;}.fusion-button.button-1 {border-width:0px;border-color:#ffffff;}.fusion-button.button-1 .fusion-button-icon-divider{border-color:#ffffff;}.fusion-button.button-1:hover .fusion-button-text, .fusion-button.button-1:hover i,.fusion-button.button-1:focus .fusion-button-text, .fusion-button.button-1:focus i,.fusion-button.button-1:active .fusion-button-text, .fusion-button.button-1:active{color:#ffffff;}.fusion-button.button-1:hover, .fusion-button.button-1:focus, .fusion-button.button-1:active{border-width:0px;border-color:#ffffff;}.fusion-button.button-1:hover .fusion-button-icon-divider, .fusion-button.button-1:hover .fusion-button-icon-divider, .fusion-button.button-1:active .fusion-button-icon-divider{border-color:#ffffff;}.fusion-button.button-1{width:auto;}<\/style><a class=\"fusion-button button-flat fusion-button-round button-large button-default button-1 fusion-animated\" data-animationType=\"bounce\" data-animationDuration=\"0.3\" data-animationOffset=\"100%\" target=\"_blank\" rel=\"noopener noreferrer\" title=\"Descarrga aqui o folheto\" href=\"https:\/\/www.vetigraph.com\/wp-content\/uploads\/2019\/03\/GROUPE-VETIGRAPH__EN.pdf\"><i class=\"fa-download fas button-icon-left\"><\/i><span class=\"fusion-button-text\">Descarrga aqui o folheto<\/span><\/a><\/div><div class=\"fusion-clearfix\"><\/div>\n\n\t\t\t\t\t<\/div>\n\t\t\t\t<\/div><\/div><\/div>\n","protected":false},"excerpt":{"rendered":"","protected":false},"author":1,"featured_media":0,"parent":0,"menu_order":0,"comment_status":"closed","ping_status":"closed","template":"","meta":[],"yoast_head":"<!-- This site is optimized with the Yoast SEO plugin v19.7.1 - https:\/\/yoast.com\/wordpress\/plugins\/seo\/ -->\n<title>Sobre Vetigraph - Empresa francesa<\/title>\n<meta name=\"description\" content=\"VETIGRAPH, empresa francesa, desenvolva desde 1984 programas de CAD\/CFAO destinadas as ind\u00fastrias do vestu\u00e1rio, autom\u00f3vel, e aeron\u00e1utico.\" \/>\n<meta name=\"robots\" content=\"index, follow, max-snippet:-1, max-image-preview:large, max-video-preview:-1\" \/>\n<link rel=\"canonical\" href=\"https:\/\/www.vetigraph.com\/pt-pt\/sobre\/\" \/>\n<meta property=\"og:locale\" content=\"pt_PT\" \/>\n<meta property=\"og:type\" content=\"article\" \/>\n<meta property=\"og:title\" content=\"Sobre Vetigraph - Empresa francesa\" \/>\n<meta property=\"og:description\" content=\"VETIGRAPH, empresa francesa, desenvolva desde 1984 programas de CAD\/CFAO destinadas as ind\u00fastrias do vestu\u00e1rio, autom\u00f3vel, e aeron\u00e1utico.\" \/>\n<meta property=\"og:url\" content=\"https:\/\/www.vetigraph.com\/pt-pt\/sobre\/\" \/>\n<meta property=\"og:site_name\" content=\"Vetigraph\" \/>\n<meta property=\"article:publisher\" content=\"https:\/\/www.facebook.com\/Groupe-Vetigraph-France-1299860016757297\" \/>\n<meta property=\"article:modified_time\" content=\"2019-03-07T15:16:07+00:00\" \/>\n<meta name=\"twitter:card\" content=\"summary_large_image\" \/>\n<meta name=\"twitter:site\" content=\"@vetigraphFr\" \/>\n<meta name=\"twitter:label1\" content=\"Tempo estimado de leitura\" \/>\n\t<meta name=\"twitter:data1\" content=\"3 minutos\" \/>\n<script type=\"application\/ld+json\" class=\"yoast-schema-graph\">{\"@context\":\"https:\/\/schema.org\",\"@graph\":[{\"@type\":\"WebPage\",\"@id\":\"https:\/\/www.vetigraph.com\/pt-pt\/sobre\/\",\"url\":\"https:\/\/www.vetigraph.com\/pt-pt\/sobre\/\",\"name\":\"Sobre Vetigraph - Empresa francesa\",\"isPartOf\":{\"@id\":\"https:\/\/www.vetigraph.com\/#website\"},\"datePublished\":\"2019-02-04T09:17:53+00:00\",\"dateModified\":\"2019-03-07T15:16:07+00:00\",\"description\":\"VETIGRAPH, empresa francesa, desenvolva desde 1984 programas de CAD\/CFAO destinadas as ind\u00fastrias do vestu\u00e1rio, autom\u00f3vel, e aeron\u00e1utico.\",\"breadcrumb\":{\"@id\":\"https:\/\/www.vetigraph.com\/pt-pt\/sobre\/#breadcrumb\"},\"inLanguage\":\"pt-PT\",\"potentialAction\":[{\"@type\":\"ReadAction\",\"target\":[\"https:\/\/www.vetigraph.com\/pt-pt\/sobre\/\"]}]},{\"@type\":\"BreadcrumbList\",\"@id\":\"https:\/\/www.vetigraph.com\/pt-pt\/sobre\/#breadcrumb\",\"itemListElement\":[{\"@type\":\"ListItem\",\"position\":1,\"name\":\"Accueil\",\"item\":\"https:\/\/www.vetigraph.com\/pt-pt\/\"},{\"@type\":\"ListItem\",\"position\":2,\"name\":\"Sobre\"}]},{\"@type\":\"WebSite\",\"@id\":\"https:\/\/www.vetigraph.com\/#website\",\"url\":\"https:\/\/www.vetigraph.com\/\",\"name\":\"Vetigraph\",\"description\":\"\",\"potentialAction\":[{\"@type\":\"SearchAction\",\"target\":{\"@type\":\"EntryPoint\",\"urlTemplate\":\"https:\/\/www.vetigraph.com\/?s={search_term_string}\"},\"query-input\":\"required name=search_term_string\"}],\"inLanguage\":\"pt-PT\"}]}<\/script>\n<!-- \/ Yoast SEO plugin. -->","yoast_head_json":{"title":"Sobre Vetigraph - Empresa francesa","description":"VETIGRAPH, empresa francesa, desenvolva desde 1984 programas de CAD\/CFAO destinadas as ind\u00fastrias do vestu\u00e1rio, autom\u00f3vel, e aeron\u00e1utico.","robots":{"index":"index","follow":"follow","max-snippet":"max-snippet:-1","max-image-preview":"max-image-preview:large","max-video-preview":"max-video-preview:-1"},"canonical":"https:\/\/www.vetigraph.com\/pt-pt\/sobre\/","og_locale":"pt_PT","og_type":"article","og_title":"Sobre Vetigraph - Empresa francesa","og_description":"VETIGRAPH, empresa francesa, desenvolva desde 1984 programas de CAD\/CFAO destinadas as ind\u00fastrias do vestu\u00e1rio, autom\u00f3vel, e aeron\u00e1utico.","og_url":"https:\/\/www.vetigraph.com\/pt-pt\/sobre\/","og_site_name":"Vetigraph","article_publisher":"https:\/\/www.facebook.com\/Groupe-Vetigraph-France-1299860016757297","article_modified_time":"2019-03-07T15:16:07+00:00","twitter_card":"summary_large_image","twitter_site":"@vetigraphFr","twitter_misc":{"Tempo estimado de leitura":"3 minutos"},"schema":{"@context":"https:\/\/schema.org","@graph":[{"@type":"WebPage","@id":"https:\/\/www.vetigraph.com\/pt-pt\/sobre\/","url":"https:\/\/www.vetigraph.com\/pt-pt\/sobre\/","name":"Sobre Vetigraph - Empresa francesa","isPartOf":{"@id":"https:\/\/www.vetigraph.com\/#website"},"datePublished":"2019-02-04T09:17:53+00:00","dateModified":"2019-03-07T15:16:07+00:00","description":"VETIGRAPH, empresa francesa, desenvolva desde 1984 programas de CAD\/CFAO destinadas as ind\u00fastrias do vestu\u00e1rio, autom\u00f3vel, e aeron\u00e1utico.","breadcrumb":{"@id":"https:\/\/www.vetigraph.com\/pt-pt\/sobre\/#breadcrumb"},"inLanguage":"pt-PT","potentialAction":[{"@type":"ReadAction","target":["https:\/\/www.vetigraph.com\/pt-pt\/sobre\/"]}]},{"@type":"BreadcrumbList","@id":"https:\/\/www.vetigraph.com\/pt-pt\/sobre\/#breadcrumb","itemListElement":[{"@type":"ListItem","position":1,"name":"Accueil","item":"https:\/\/www.vetigraph.com\/pt-pt\/"},{"@type":"ListItem","position":2,"name":"Sobre"}]},{"@type":"WebSite","@id":"https:\/\/www.vetigraph.com\/#website","url":"https:\/\/www.vetigraph.com\/","name":"Vetigraph","description":"","potentialAction":[{"@type":"SearchAction","target":{"@type":"EntryPoint","urlTemplate":"https:\/\/www.vetigraph.com\/?s={search_term_string}"},"query-input":"required name=search_term_string"}],"inLanguage":"pt-PT"}]}},"_links":{"self":[{"href":"https:\/\/www.vetigraph.com\/pt-pt\/wp-json\/wp\/v2\/pages\/2051"}],"collection":[{"href":"https:\/\/www.vetigraph.com\/pt-pt\/wp-json\/wp\/v2\/pages"}],"about":[{"href":"https:\/\/www.vetigraph.com\/pt-pt\/wp-json\/wp\/v2\/types\/page"}],"author":[{"embeddable":true,"href":"https:\/\/www.vetigraph.com\/pt-pt\/wp-json\/wp\/v2\/users\/1"}],"replies":[{"embeddable":true,"href":"https:\/\/www.vetigraph.com\/pt-pt\/wp-json\/wp\/v2\/comments?post=2051"}],"version-history":[{"count":48,"href":"https:\/\/www.vetigraph.com\/pt-pt\/wp-json\/wp\/v2\/pages\/2051\/revisions"}],"predecessor-version":[{"id":2955,"href":"https:\/\/www.vetigraph.com\/pt-pt\/wp-json\/wp\/v2\/pages\/2051\/revisions\/2955"}],"wp:attachment":[{"href":"https:\/\/www.vetigraph.com\/pt-pt\/wp-json\/wp\/v2\/media?parent=2051"}],"curies":[{"name":"wp","href":"https:\/\/api.w.org\/{rel}","templated":true}]}}